{"id":74,"date":"2018-02-07T13:46:07","date_gmt":"2018-02-07T13:46:07","guid":{"rendered":"https:\/\/demo-content.kaliumtheme.com\/hotel\/?page_id=74"},"modified":"2021-10-14T10:13:26","modified_gmt":"2021-10-14T10:13:26","slug":"contatti-hotel-san-teodoro-newsletter","status":"publish","type":"page","link":"https:\/\/hotelsanteodoro.com\/it\/contatti-hotel-san-teodoro-newsletter\/","title":{"rendered":"Contatti"},"content":{"rendered":"<div class=\"wpb-content-wrapper\"><p>[vc_row content_placement=&#8221;middle&#8221;][vc_column css_animation=&#8221;right-to-left&#8221; width=&#8221;1\/3&#8243; css=&#8221;.vc_custom_1523278009804{background-color: #f3ede4 !important;}&#8221; el_class=&#8221;contact-address&#8221;][vc_custom_heading text=&#8221;Hotel San Teodoro&#8221; use_theme_fonts=&#8221;yes&#8221;][vc_column_text]A pochi minuti dal caratteristico villaggio di\u00a0<strong>San Teodoro<\/strong>\u00a0e dalla famosa spiaggia di\u00a0<strong>La Cinta<\/strong>\u00a0ha una\u00a0<strong>posizione ottimale<\/strong>\u00a0per vivere le spiagge della zona ed essere al contempo in mezzo al verde della\u00a0<strong>Barbagia<\/strong>.[\/vc_column_text][vc_column_text]A pochi minuti dalla <strong>Spiaggia La Cinta, Cala Brandinchi, Coda Cavallo, Isuledda.<br \/>\n<\/strong>[\/vc_column_text][\/vc_column][vc_column css_animation=&#8221;none&#8221; width=&#8221;2\/3&#8243;][lab_google_map height=&#8221;100%&#8221; zoom=&#8221;13&#8243; map_options=&#8221;map-style,drop-pins&#8221; map_controls=&#8221;panControl,zoomControl,scaleControl&#8221; map_style=&#8221;#E-8_JTVCJTBBJTIwJTIwJTIwJTIwJTdCJTBBJTIwJTIwJTIwJTIwJTIwJTIwJTIwJTIwJTIyZmVhdHVyZVR5cGUlMjIlM0ElMjAlMjJhZG1pbmlzdHJhdGl2ZS5jb3VudHJ5JTIyJTJDJTBBJTIwJTIwJTIwJTIwJTIwJTIwJTIwJTIwJTIyZWxlbWVudFR5cGUlMjIlM0ElMjAlMjJnZW9tZXRyeSUyMiUyQyUwQSUyMCUyMCUyMCUyMCUyMCUyMCUyMCUyMCUyMnN0eWxlcnMlMjIlM0ElMjAlNUIlMEElMjAlMjAlMjAlMjAlMjAlMjAlMjAlMjAlMjAlMjAlMjAlMjAlN0IlMEElMjAlMjAlMjAlMjAlMjAlMjAlMjAlMjAlMjAlMjAlMjAlMjAlMjAlMjAlMjAlMjAlMjJ2aXNpYmlsaXR5JTIyJTNBJTIwJTIyc2ltcGxpZmllZCUyMiUwQSUyMCUyMCUyMCUyMCUyMCUyMCUyMCUyMCUyMCUyMCUyMCUyMCU3RCUyQyUwQSUyMCUyMCUyMCUyMCUyMCUyMCUyMCUyMCUyMCUyMCUyMCUyMCU3QiUwQSUyMCUyMCUyMCUyMCUyMCUyMCUyMCUyMCUyMCUyMCUyMCUyMCUyMCUyMCUyMCUyMCUyMmh1ZSUyMiUzQSUyMCUyMiUyM2ZmMDAwMCUyMiUwQSUyMCUyMCUyMCUyMCUyMCUyMCUyMCUyMCUyMCUyMCUyMCUyMCU3RCUwQSUyMCUyMCUyMCUyMCUyMCUyMCUyMCUyMCU1RCUwQSUyMCUyMCUyMCUyMCU3RCUwQSU1RA==&#8221; el_class=&#8221;contact-page&#8221; css=&#8221;.vc_custom_1617871372637{background-color: #ffffff !important;}&#8221;][lab_google_map_location retina_marker=&#8221;yes&#8221; latitude=&#8221;40.76333944347449&#8243; longitude=&#8221;9.653614038095993&#8243; marker_title=&#8221;Hotel San Teodoro&#8221; marker_description=&#8221;Loc. Badualga snc.<br \/>\nSan Teodoro (SS) 07052<br \/>\nSardegna \u2013 Italia<\/p>\n<p>E: info@hotelsanteodoro.com<br \/>\nTEL: +39 0784 851092&#8243;][\/lab_google_map][\/vc_column][\/vc_row][vc_row el_class=&#8221;contact-address-row&#8221;][vc_column css_animation=&#8221;bottom-to-top&#8221; width=&#8221;1\/2&#8243; reveal_effect=&#8221;&#8221; el_class=&#8221;contact-address-small-box&#8221;][lab_text_autotype typed_text=&#8221;<\/p>\n<h3>Ti aspettiamo a *San Teodoro*<\/h3>\n<p>&#8221; typed_show_options=&#8221;yes&#8221; typed_options_cursorchar=&#8221;.&#8221; typed_options_loopcount=&#8221;-1&#8243; typed_options_typespeed=&#8221;100&#8243; typed_options_backspeed=&#8221;100&#8243; typed_options_startdelay=&#8221;100&#8243; css=&#8221;.vc_custom_1617875932819{margin-top: 0px !important;margin-bottom: 20px !important;padding-top: 0px !important;}&#8221;][vc_column_text css=&#8221;.vc_custom_1617875992070{padding-right: 40px !important;background-color: #ffffff !important;}&#8221;]Il nostro hotel \u00e8 situato tra le spiagge pi\u00f9 belle del Mediterraneo. Il luogo perfetto per il relax e per fare il bagno in una delle spiagge pi\u00f9 belle al Mondo.[\/vc_column_text][\/vc_column][vc_column css_animation=&#8221;bottom-to-top&#8221; width=&#8221;1\/4&#8243; reveal_effect=&#8221;&#8221; el_class=&#8221;contact-address-small-box&#8221;][lab_heading title_tag=&#8221;H5&#8243; title=&#8221;Indirizzo&#8221; el_class=&#8221;title-stylized&#8221;][\/lab_heading][vc_column_text]Loc. Badualga snc.<br \/>\nSan Teodoro (SS) 07052<br \/>\nSardegna \u2013 Italia[\/vc_column_text][\/vc_column][vc_column css_animation=&#8221;bottom-to-top&#8221; width=&#8221;1\/4&#8243; reveal_effect=&#8221;&#8221; el_class=&#8221;contact-address-small-box&#8221;][lab_heading title_tag=&#8221;H5&#8243; title=&#8221;Contatti&#8221; el_class=&#8221;title-stylized&#8221;][\/lab_heading][vc_column_text]E: <a href=\"mailto:info@hotelsanteodoro.com\">info@hotelsanteodoro.com<\/a><br \/>\nBooking: <a href=\"mailto:booking@hotelsanteodoro.com\">booking@hotelsanteodoro.com<\/a><br \/>\nTEL: <a href=\"tel:+39 0784 851092\">+39 0784 851092<\/a>[\/vc_column_text][\/vc_column][\/vc_row][vc_row content_placement=&#8221;middle&#8221;][vc_column][vc_widget_sidebar sidebar_id=&#8221;top_menu_sidebar&#8221; el_id=&#8221;newsletter&#8221;][\/vc_column][\/vc_row][vc_row full_width=&#8221;stretch_row&#8221;][vc_column][vc_custom_heading text=&#8221;Scopri il modo pi\u00f9 semplice per raggiungerci!&#8221; font_container=&#8221;tag:p|font_size:30|text_align:center&#8221; google_fonts=&#8221;font_family:Open%20Sans%3A300%2C300italic%2Cregular%2Citalic%2C600%2C600italic%2C700%2C700italic%2C800%2C800italic|font_style:600%20bold%20regular%3A600%3Anormal&#8221;][vc_btn title=&#8221;COME RAGGIUNGERCI&#8221; style=&#8221;flat&#8221; shape=&#8221;square&#8221; color=&#8221;black&#8221; size=&#8221;lg&#8221; align=&#8221;center&#8221; css_animation=&#8221;fadeIn&#8221; link=&#8221;url:%2Fcome-raggiungerci%2F|target:_blank&#8221; css=&#8221;.vc_custom_1619096001514{padding-top: 20px !important;}&#8221;][vc_widget_sidebar sidebar_id=&#8221;sidebar_menu_sidebar&#8221;][\/vc_column][\/vc_row]<\/p>\n<\/div>","protected":false},"excerpt":{"rendered":"<p>[vc_row content_placement=&#8221;middle&#8221;][vc_column css_animation=&#8221;right-to-left&#8221; width=&#8221;1\/3&#8243; css=&#8221;.vc_custom_1523278009804{background-color: #f3ede4 !important;}&#8221; el_class=&#8221;contact-address&#8221;][vc_custom_heading text=&#8221;Hotel San Teodoro&#8221; use_theme_fonts=&#8221;yes&#8221;][vc_column_text]A pochi minuti dal caratteristico villaggio di\u00a0San Teodoro\u00a0e dalla famosa spiaggia di\u00a0La Cinta\u00a0ha una\u00a0posizione ottimale\u00a0per vivere le spiagge della zona ed essere al contempo in mezzo al verde della\u00a0Barbagia.[\/vc_column_text][vc_column_text]A pochi minuti dalla Spiaggia La Cinta, Cala Brandinchi, Coda Cavallo, Isuledda. [\/vc_column_text][\/vc_column][vc_column css_animation=&#8221;none&#8221; width=&#8221;2\/3&#8243;][lab_google_map height=&#8221;100%&#8221;&hellip;<\/p>\n","protected":false},"author":1,"featured_media":0,"parent":0,"menu_order":0,"comment_status":"closed","ping_status":"closed","template":"","meta":{"_acf_changed":false,"om_disable_all_campaigns":false,"_monsterinsights_skip_tracking":false,"_monsterinsights_sitenote_active":false,"_monsterinsights_sitenote_note":"","_monsterinsights_sitenote_category":0,"footnotes":""},"class_list":["post-74","page","type-page","status-publish","hentry"],"acf":[],"_links":{"self":[{"href":"https:\/\/hotelsanteodoro.com\/it\/wp-json\/wp\/v2\/pages\/74","targetHints":{"allow":["GET"]}}],"collection":[{"href":"https:\/\/hotelsanteodoro.com\/it\/wp-json\/wp\/v2\/pages"}],"about":[{"href":"https:\/\/hotelsanteodoro.com\/it\/wp-json\/wp\/v2\/types\/page"}],"author":[{"embeddable":true,"href":"https:\/\/hotelsanteodoro.com\/it\/wp-json\/wp\/v2\/users\/1"}],"replies":[{"embeddable":true,"href":"https:\/\/hotelsanteodoro.com\/it\/wp-json\/wp\/v2\/comments?post=74"}],"version-history":[{"count":0,"href":"https:\/\/hotelsanteodoro.com\/it\/wp-json\/wp\/v2\/pages\/74\/revisions"}],"wp:attachment":[{"href":"https:\/\/hotelsanteodoro.com\/it\/wp-json\/wp\/v2\/media?parent=74"}],"curies":[{"name":"wp","href":"https:\/\/api.w.org\/{rel}","templated":true}]}}