{"id":6526,"date":"2022-06-24T09:40:53","date_gmt":"2022-06-24T09:40:53","guid":{"rendered":"https:\/\/hotelsanteodoro.com\/menu-box-lunch-2\/"},"modified":"2022-12-29T13:28:59","modified_gmt":"2022-12-29T13:28:59","slug":"hst-art-and-exhibitions","status":"publish","type":"page","link":"https:\/\/hotelsanteodoro.com\/it\/hst-art-and-exhibitions\/","title":{"rendered":"HST Art and Exhibitions"},"content":{"rendered":"<div class=\"wpb-content-wrapper\"><p>[vc_row full_width=&#8221;stretch_row&#8221; css_animation=&#8221;fadeIn&#8221; css=&#8221;.vc_custom_1656072882631{padding-top: 80px !important;background-position: center !important;background-repeat: no-repeat !important;background-size: cover !important;}&#8221; el_class=&#8221;center&#8221;][vc_column el_class=&#8221;center&#8221;][vc_row_inner content_placement=&#8221;middle&#8221; css=&#8221;.vc_custom_1656949211186{margin-bottom: -10px !important;}&#8221;][vc_column_inner][lab_text_autotype typed_text=&#8221;<\/p>\n<h2>HST Art &amp; Exhibitions<\/h2>\n<p>&#8221; typed_show_options=&#8221;yes&#8221; typed_options_cursorchar=&#8221;.&#8221; typed_options_loopcount=&#8221;-1&#8243; typed_options_typespeed=&#8221;40&#8243; typed_options_backspeed=&#8221;50&#8243; css=&#8221;.vc_custom_1657895944665{margin-bottom: 0px !important;padding-top: 40px !important;}&#8221;][vc_column_text css=&#8221;.vc_custom_1656063805057{margin-bottom: 0px !important;}&#8221;]<\/p>\n<p style=\"text-align: center;\">Scopri l&#8217;esposizione nel nostro HST Caf\u00e8<\/p>\n<p>[\/vc_column_text][vc_column_text css=&#8221;.vc_custom_1623403692238{padding-bottom: -15px !important;}&#8221;]<\/p>\n<p style=\"text-align: center;\"><b><div class=\"sfsi_widget sfsi_shortcode_container\"><div class=\"norm_row sfsi_wDiv \"  style=\"width:250px;text-align:center;\"><div style='width:40px; height:40px;margin-left:10px;margin-bottom:5px; ' class='sfsi_wicons shuffeldiv ' ><div class='inerCnt'><a class=' sficn' data-effect=''   href='' id='sfsiid_facebook_icon' style='width:40px;height:40px;opacity:1;background:#336699;'  ><img data-pin-nopin='true' alt='Facebook' title='Facebook' src='https:\/\/hotelsanteodoro.com\/wp-content\/plugins\/ultimate-social-media-icons\/images\/icons_theme\/flat\/flat_facebook.png' width='40' height='40' style='' class='sfcm sfsi_wicon ' data-effect=''   \/><\/a><div class=\"sfsi_tool_tip_2 fb_tool_bdr sfsiTlleft\" style=\"opacity:0;z-index:-1;\" id=\"sfsiid_facebook\"><span class=\"bot_arow bot_fb_arow\"><\/span><div class=\"sfsi_inside\"><div  class='icon3'><a  href='https:\/\/www.facebook.com\/sharer\/sharer.php?u=https%3A%2F%2Fhotelsanteodoro.com%2Fit%2Fwp-json%2Fwp%2Fv2%2Fpages%2F6526%2F' style='display:inline-block;'  > <img class='sfsi_wicon'  data-pin-nopin='true' alt='fb-share-icon' title='Facebook Share' src='https:\/\/hotelsanteodoro.com\/wp-content\/plugins\/ultimate-social-media-icons\/images\/share_icons\/fb_icons\/en_US.svg' \/><\/a><\/div><\/div><\/div><\/div><\/div><div style='width:40px; height:40px;margin-left:10px;margin-bottom:5px; ' class='sfsi_wicons shuffeldiv ' ><div class='inerCnt'><a class=' sficn' data-effect=''   href='https:\/\/t.me\/HotelSanTeodoro?&text=Condividi' id='sfsiid_telegram_icon' style='width:40px;height:40px;opacity:1;background:#33A1D1;'  ><img data-pin-nopin='true' alt='Telegram' title='Telegram' src='https:\/\/hotelsanteodoro.com\/wp-content\/plugins\/ultimate-social-media-icons\/images\/icons_theme\/flat\/flat_telegram.png' width='40' height='40' style='' class='sfcm sfsi_wicon sfsi_telegram_wicon sfsi_click_wicon' data-effect=''   \/><\/a><\/div><\/div><div style='width:40px; height:40px;margin-left:10px;margin-bottom:5px; ' class='sfsi_wicons shuffeldiv ' ><div class='inerCnt'><a class=' sficn' data-effect=''   href='https:\/\/api.whatsapp.com\/send?text=https%3A%2F%2Fhotelsanteodoro.com%2Fit%2Fhst-art-and-exhibitions%2F' id='sfsiid_whatsapp_icon' style='width:40px;height:40px;opacity:1;background:#3ED946;'  ><img data-pin-nopin='true' alt='WhatsApp' title='WhatsApp' src='https:\/\/hotelsanteodoro.com\/wp-content\/plugins\/ultimate-social-media-icons\/images\/icons_theme\/flat\/flat_whatsapp.png' width='40' height='40' style='' class='sfcm sfsi_wicon ' data-effect=''   \/><\/a><\/div><\/div><\/div ><div id=\"sfsi_holder\" class=\"sfsi_holders\" style=\"position: relative; float: left;width:100%;z-index:-1;\"><\/div ><script>window.addEventListener(\"sfsi_functions_loaded\", function()\n\t\t\t{\n\t\t\t\tif (typeof sfsi_widget_set == \"function\") {\n\t\t\t\t\tsfsi_widget_set();\n\t\t\t\t}\n\t\t\t}); <\/script><div style=\"clear: both;\"><\/div><\/div><\/b><\/p>\n<p>[\/vc_column_text][\/vc_column_inner][\/vc_row_inner][\/vc_column][\/vc_row][vc_row content_placement=&#8221;middle&#8221;][vc_column width=&#8221;1\/2&#8243;][vc_gallery interval=&#8221;3&#8243; images=&#8221;6628,6626,6624,6622&#8243; img_size=&#8221;large&#8221; css=&#8221;.vc_custom_1656324863606{padding-top: 60px !important;background-position: center !important;background-repeat: no-repeat !important;background-size: cover !important;}&#8221;][\/vc_column][vc_column width=&#8221;1\/2&#8243;][lab_heading title=&#8221;ORGOSOLO&#8221; css=&#8221;.vc_custom_1656949348369{margin-top: -50px !important;}&#8221;][\/lab_heading][vc_column_text]Il 15 agosto \u00e8 il giorno pi\u00f9 importante dell\u2019anno per Orgosolo.<br \/>\nSi celebra la <em>Beata Vergine Assunta<\/em> con una preghiera ed una processione che coinvolgono l\u2019intero paese e migliaia di visitatori che accorrono ad ammirare uno degli abiti tradizionali pi\u00f9 belli dell\u2019Isola.<br \/>\nLa vestizione \u00e8 il momento pi\u00f9 intimo e privato a cui non si pu\u00f2 partecipare pubblicamente.<br \/>\n\u00c8 un tempo sospeso in cui si veste l\u2019abito che si eredita o viene prestato esclusivamente fra paesani.<br \/>\nVestirsi \u00e8 complesso e richiede l\u2019aiuto di tre persone esperte, la parte pi\u00f9 difficile \u00e8 la sistemazione del copricapo chiamato \u201cSu Lionzu\u201d tinto con lo zafferano e realizzato in seta prodotta dai bachi allevati in paese.<br \/>\nSono le 17.00, Mariangela \u00e8 pronta, la madre dietro la osserva commossa. Ora pu\u00f2 uscire per accompagnare <em>l\u2019Assunta<\/em> in processione. Dopo ci saranno canti e balli per festeggiare anche la chiusura della stagione agricola e l\u2019apertura della nuova.[\/vc_column_text][vc_single_image image=&#8221;6635&#8243; img_size=&#8221;full&#8221;][\/vc_column][\/vc_row][vc_row content_placement=&#8221;middle&#8221;][vc_column width=&#8221;1\/2&#8243;][lab_heading title=&#8221;NUORO&#8221; css=&#8221;.vc_custom_1656949413554{margin-top: -200px !important;padding-top: -30px !important;}&#8221;]ABITO TRADIZIONALE NELLA CASA DI GRAZIA DELEDDA PREMIO NOBEL PER LA LETTERATURA NEL 1926[\/lab_heading][vc_column_text]In omaggio a Grazia Deledda nata a Nuoro nel 1871, prima donna a vincere il Nobel per la letteratura, la vestizione dell\u2019abito tradizionale di N\u00f9oro \u00e8 stata eseguita all\u2019interno della sua casa natale oggi museo.<br \/>\nL\u2019abito indossato \u00e8 originale della fine del XIX\u00b0 secolo.<br \/>\nE\u2019 composto dalla gonna di orbace \u201cSa Tunica\u201d, il grembiule nero con decorazioni floreali \u201cFranda\u201d, il corpetto \u201cPala a supra\u201d, la cuffietta \u201cSa carretta\u201d e il copricapo bianco di lino o cotone \u201cSa benda\u201d.<br \/>\nL\u2019occasione pi\u00f9 importante dell\u2019anno, quando le donne, gli uomini e i cavalieri sfilano in processione per le vie della citt\u00e0 \u00e8 la \u201cFesta del Redentore\u201d che si tiene ogni anno l\u2019ultima domenica di agosto.[\/vc_column_text][vc_single_image image=&#8221;6707&#8243; img_size=&#8221;medium&#8221; alignment=&#8221;center&#8221; css=&#8221;.vc_custom_1656949627992{margin-top: 100px !important;}&#8221;][\/vc_column][vc_column width=&#8221;1\/2&#8243; css=&#8221;.vc_custom_1656949529721{margin-top: -50px !important;}&#8221;][vc_gallery interval=&#8221;3&#8243; images=&#8221;6618,6616,6614&#8243; img_size=&#8221;large&#8221; css=&#8221;.vc_custom_1656086328567{padding-top: 60px !important;background-position: center !important;background-repeat: no-repeat !important;background-size: cover !important;}&#8221;][\/vc_column][\/vc_row][vc_row content_placement=&#8221;middle&#8221;][vc_column width=&#8221;1\/2&#8243;][vc_gallery interval=&#8221;3&#8243; images=&#8221;6612,6610,6608,6606&#8243; img_size=&#8221;large&#8221; css=&#8221;.vc_custom_1656949863019{background-position: center !important;background-repeat: no-repeat !important;background-size: cover !important;}&#8221;][\/vc_column][vc_column width=&#8221;1\/2&#8243;][lab_heading title=&#8221;DESULO&#8221;]LE PRIORESSE AL CORPUS DOMINI[\/lab_heading][vc_column_text]Il giorno del <em>Corpus Domini<\/em> (1) \u00e8 molto importante per Desulo.<br \/>\nLe donne, chiamate \u201cPrioresse\u201d, vestono l\u2019abito tradizionale per andare in processione.<br \/>\nLa vestizione \u00e8 sempre un momento intimo e privato, avviene all\u2019interno delle proprie case sempre con l\u2019aiuto di almeno un\u2019altra persona.<br \/>\nMaria e Angela si vestono assieme con l\u2019aiuto della madre.<br \/>\nIl momento pi\u00f9 difficile \u00e8 quando indossano lo strettissimo giacchino \u201cSu Cippone\u201d, poi la cuffietta ricamata \u201cSu Cucuddu\u201d e sopra il velo nero in broccato di seta \u201cSu Cappucciu\u201d, la gonna \u00e8 di orbace.<br \/>\nOra sono pronte per unirsi alle altre prioresse e alle bambine, anch\u2019esse in abito tradizionale, per portare in processione gli stendardi partendo dalla chiesa di San Sebastiano e arrivando alla chiesa di Sant\u2019Antonio Abate.<\/p>\n<p>&nbsp;<\/p>\n<p><em>(1) Il Corpus Domini non ha mai una data uguale per ogni anno. Il giorno esatto \u00e8 il gioved\u00ec della seconda settimana dopo la Pentecoste.<br \/>\n<\/em><em>Per comodit\u00e0 viene celebrato la seconda domenica dopo la Pentecoste (generalmente ricade fra la fine di maggio e la met\u00e0 di giugno).<\/em>[\/vc_column_text][vc_single_image image=&#8221;6635&#8243; img_size=&#8221;full&#8221;][\/vc_column][\/vc_row][vc_row content_placement=&#8221;middle&#8221;][vc_column width=&#8221;1\/2&#8243;][lab_heading title=&#8221;ORISTANO&#8221; css=&#8221;.vc_custom_1656325267302{margin-top: -250px !important;padding-top: -30px !important;}&#8221;]LA SARTIGLIA E SU COMPONIDORI[\/lab_heading][vc_column_text]Ad Oristano l\u2019ultima domenica e marted\u00ec di carnevale si corre la Sartiglia. La giostra della domenica \u00e8 curata nelle sue fasi tradizionali dal Gremio (antica corporazione) dei Contadini, quella del marted\u00ec dal Gremio dei Falegnami. Il giorno della Sartiglia, terminata la Vestizione de <em>Su Componidori<\/em>, capo della corsa, si forma il corteo dei cavalieri che si dirige verso la via della Cattedrale dove si svolger\u00e0 la Corsa alla Stella.<br \/>\nAntichi documenti testimoniano dell\u2019esistenza della Sartiglia almeno dal 1546.<br \/>\n<em>Su Componidori<\/em> \u00e8 il protagonista assoluto e la sua vestizione \u00e8 un momento magico ed emozionante, seduto su una sedia a mo\u2019 di trono sar\u00e0 vestito dalle \u201cMassaieddas\u201d che monteranno l\u2019abito, la maschera, la tuba e il velo, da quel momento l\u2019uomo sar\u00e0 diventato<em> Su Componidori<\/em> , sar\u00e0 fatto avvicinare il cavallo al palco dove \u00e8 avvenuta la vestizione e salir\u00e0 in sella perch\u00e9 dal momento in cui viene posta la maschera egli non potr\u00e0 pi\u00f9 toccare terra fino a buio inoltrato in cui finir\u00e0 la manifestazione. Solo allora potr\u00e0 scendere dal cavallo per sedersi sulla sedia dove era stato vestito e attendere la svestizione.[\/vc_column_text][vc_single_image image=&#8221;6707&#8243; img_size=&#8221;medium&#8221; alignment=&#8221;center&#8221; css=&#8221;.vc_custom_1656950010262{margin-top: 100px !important;}&#8221;][\/vc_column][vc_column width=&#8221;1\/2&#8243;][vc_gallery interval=&#8221;3&#8243; images=&#8221;6709&#8243; img_size=&#8221;large&#8221; css=&#8221;.vc_custom_1656690611751{padding-top: 60px !important;background-position: center !important;background-repeat: no-repeat !important;background-size: cover !important;}&#8221;][\/vc_column][\/vc_row][vc_row][vc_column][vc_column_text][\/vc_column_text][\/vc_column][\/vc_row]<\/p>\n<\/div>","protected":false},"excerpt":{"rendered":"<p>[vc_row full_width=&#8221;stretch_row&#8221; css_animation=&#8221;fadeIn&#8221; css=&#8221;.vc_custom_1656072882631{padding-top: 80px !important;background-position: center !important;background-repeat: no-repeat !important;background-size: cover !important;}&#8221; el_class=&#8221;center&#8221;][vc_column el_class=&#8221;center&#8221;][vc_row_inner content_placement=&#8221;middle&#8221; css=&#8221;.vc_custom_1656949211186{margin-bottom: -10px !important;}&#8221;][vc_column_inner][lab_text_autotype typed_text=&#8221; HST Art &amp; Exhibitions &#8221; typed_show_options=&#8221;yes&#8221; typed_options_cursorchar=&#8221;.&#8221; typed_options_loopcount=&#8221;-1&#8243; typed_options_typespeed=&#8221;40&#8243; typed_options_backspeed=&#8221;50&#8243; css=&#8221;.vc_custom_1657895944665{margin-bottom: 0px !important;padding-top: 40px !important;}&#8221;][vc_column_text css=&#8221;.vc_custom_1656063805057{margin-bottom: 0px !important;}&#8221;] Scopri l&#8217;esposizione nel nostro HST Caf\u00e8 [\/vc_column_text][vc_column_text css=&#8221;.vc_custom_1623403692238{padding-bottom: -15px !important;}&#8221;] [\/vc_column_text][\/vc_column_inner][\/vc_row_inner][\/vc_column][\/vc_row][vc_row content_placement=&#8221;middle&#8221;][vc_column width=&#8221;1\/2&#8243;][vc_gallery interval=&#8221;3&#8243; images=&#8221;6628,6626,6624,6622&#8243; img_size=&#8221;large&#8221; css=&#8221;.vc_custom_1656324863606{padding-top: 60px&hellip;<\/p>\n","protected":false},"author":1,"featured_media":0,"parent":0,"menu_order":0,"comment_status":"closed","ping_status":"closed","template":"","meta":{"_acf_changed":false,"om_disable_all_campaigns":false,"_monsterinsights_skip_tracking":false,"_monsterinsights_sitenote_active":false,"_monsterinsights_sitenote_note":"","_monsterinsights_sitenote_category":0,"footnotes":""},"class_list":["post-6526","page","type-page","status-publish","hentry"],"acf":[],"_links":{"self":[{"href":"https:\/\/hotelsanteodoro.com\/it\/wp-json\/wp\/v2\/pages\/6526","targetHints":{"allow":["GET"]}}],"collection":[{"href":"https:\/\/hotelsanteodoro.com\/it\/wp-json\/wp\/v2\/pages"}],"about":[{"href":"https:\/\/hotelsanteodoro.com\/it\/wp-json\/wp\/v2\/types\/page"}],"author":[{"embeddable":true,"href":"https:\/\/hotelsanteodoro.com\/it\/wp-json\/wp\/v2\/users\/1"}],"replies":[{"embeddable":true,"href":"https:\/\/hotelsanteodoro.com\/it\/wp-json\/wp\/v2\/comments?post=6526"}],"version-history":[{"count":0,"href":"https:\/\/hotelsanteodoro.com\/it\/wp-json\/wp\/v2\/pages\/6526\/revisions"}],"wp:attachment":[{"href":"https:\/\/hotelsanteodoro.com\/it\/wp-json\/wp\/v2\/media?parent=6526"}],"curies":[{"name":"wp","href":"https:\/\/api.w.org\/{rel}","templated":true}]}}