{"id":5373,"date":"2022-02-22T13:42:29","date_gmt":"2022-02-22T13:42:29","guid":{"rendered":"https:\/\/hotelsanteodoro.com\/cookie-2\/"},"modified":"2022-11-07T16:17:26","modified_gmt":"2022-11-07T16:17:26","slug":"privacy","status":"publish","type":"page","link":"https:\/\/hotelsanteodoro.com\/it\/privacy\/","title":{"rendered":"Privacy policy"},"content":{"rendered":"<p>&nbsp;<\/p>\n<h1>INFORMATIVA SUL TRATTAMENTO DEI CLIENTI<\/h1>\n<p><strong>ai sensi dell\u2019art. 13 del Regolamento UE 2016\/679 del 27\/04\/2016<\/strong><\/p>\n<p>&nbsp;<\/p>\n<p>Ai sensi dell\u2019articolo 13 del Regolamento UE 2016\/679 del 27\/04\/2016, di seguito denominato come <strong>RGPD<\/strong> (Regolamento Generale per la Protezione dei Dati Personali), <strong>BLUE PROJECT SRL<\/strong>, con sede legale in <strong>via Zanzotto, 28 &#8211; 31053 Pieve di Soligo (TV)<\/strong>, in qualit\u00e0 di titolare del trattamento dei dati personali, La informa in merito a quanto segue:<\/p>\n<p>&nbsp;<\/p>\n<p><strong>Titolare del trattamento<\/strong><\/p>\n<p>Il titolare del trattamento \u00e8 BLUE PROJECT SRL, con sede legale in via Zanzotto, 28 &#8211; 31053 Pieve di Soligo (TV).<\/p>\n<p>&nbsp;<\/p>\n<p><strong>Dati oggetto del trattamento<\/strong><\/p>\n<p>Il Titolare tratta i dati personali, identificativi e di contatto (ad esempio, nome, cognome, indirizzo, indirizzi mail, numero di telefono, riferimenti bancari e di pagamento) in seguito, \u201cdati personali\u201d o anche dati personali particolari (ad esempio, dati che rivelano lo stato di salute)\u00a0 in seguito \u201cparticolari categorie di dati\u201d) da Lei comunicati in occasione della fornitura del servizio di ristorazione e\/o alberghiero.<\/p>\n<p>&nbsp;<\/p>\n<p><strong>Finalit\u00e0 del trattamento<\/strong><\/p>\n<p>I dati personali da Lei forniti verranno trattati esclusivamente per le seguenti finalit\u00e0:<\/p>\n<p>&nbsp;<\/p>\n<p>per acquisire e confermare la sua prenotazione di servizi di alloggio e servizi accessori, e per fornire i servizi richiesti;<\/p>\n<p>per adempiere all\u2019obbligo previsto dal \u201cTesto unico delle leggi di pubblica sicurezza\u201d (articolo 109 R.D. 18.6.1931 n. 773) che ci impone di comunicare alla Questura, per fini di pubblica sicurezza, le generalit\u00e0 dei clienti alloggiati secondo le modalit\u00e0 stabilite dal Ministero dell\u2019Interno (Decreto 7 gennaio 2013)<\/p>\n<p>adempimento degli obblighi previsti dalla legge, regolamenti, normativa applicabile e altre disposizioni impartite da autorit\u00e0 investite dalla legge e da organi di vigilanza e controllo.<\/p>\n<p>Il trattamento dei dati personali per le finalit\u00e0 di cui sopra non richiede il Suo consenso espresso (art. 6 lett. b) e c) del RGPD).<\/p>\n<p>&nbsp;<\/p>\n<p>per espletare la funzione di ricevimento di messaggi e telefonate a lei indirizzati durante il suo soggiorno. Per tale finalit\u00e0 \u00e8 necessario il suo consenso. Potr\u00e0 revocare il consenso in qualsiasi momento.<\/p>\n<p>svolgimento di attivit\u00e0 di marketing e promozionali di prodotti e servizi del Titolare, comunicazioni commerciali, sia con mezzi automatizzati senza intervento dell\u2019operatore (es. sms, fax, mms, posta elettronica ecc.) che tradizionali (tramite telefono, posta). Per tale finalit\u00e0, previa acquisizione del suo consenso e non saranno comunicati a terzi. Potr\u00e0 revocare il consenso in qualsiasi momento<\/p>\n<p>Il trattamento dei dati personali per le finalit\u00e0 di cui sopra richiede il suo consenso espresso (artt. 6 e 7 del RGPD). Detto consenso riguarda sia le modalit\u00e0 di comunicazione automatizzate che quelle tradizionali sopra descritte. Lei avr\u00e0 sempre il diritto di opporsi in maniera agevole e gratuitamente, in tutto o anche solo in parte al trattamento dei Suoi dati per dette finalit\u00e0, escludendo ad esempio le modalit\u00e0 automatizzate di contatto ed esprimendo la sua volont\u00e0 di ricevere comunicazioni commerciali e promozionali esclusivamente attraverso modalit\u00e0 tradizionali di contatto.<\/p>\n<p>&nbsp;<\/p>\n<p><strong>Natura obbligatoria o facoltativa del conferimento dei dati e conseguenze di un eventuale rifiuto di fornire i dati personali<\/strong><\/p>\n<p>I dati richiesti per le finalit\u00e0 di cui alle precedenti lettere a) e b) e c) devono essere obbligatoriamente forniti per l\u2019adempimento degli obblighi di legge e\/o per la conclusione ed esecuzione del rapporto contrattuale e la fornitura dei servizi richiesti. Pertanto il Suo eventuale rifiuto, anche parziale, di fornire tali dati comporterebbe l\u2019impossibilit\u00e0 per il Fornitore di instaurare e gestire il rapporto stesso e di fornire il servizio richiesto.<\/p>\n<p>Il conferimento dei dati personali necessari per le finalit\u00e0 di cui alle precedenti lettere d) e e) \u00e8 facoltativo, pertanto il Suo eventuale rifiuto di fornire tali dati comporterebbe l\u2019impossibilit\u00e0 di porre in essere le attivit\u00e0 ivi descritte.<\/p>\n<p>&nbsp;<\/p>\n<p><strong>Modalit\u00e0 di trattamento dei dati<\/strong><\/p>\n<p>Il trattamento dei dati personali \u00e8 realizzato per mezzo delle operazioni indicate all\u2019art. 4 n. 2) RGPD, per le finalit\u00e0 di cui sopra, sia su supporto cartaceo che informatico, per mezzo di strumenti elettronici o comunque automatizzati, nel rispetto della normativa vigente in particolare in materia di riservatezza e sicurezza e in conformit\u00e0 ai principi di correttezza, liceit\u00e0 e trasparenza e tutela dei diritti del Cliente.<\/p>\n<p>Il trattamento \u00e8 svolto direttamente dall\u2019organizzazione del titolare, dai suoi responsabili e\/o incaricati.<\/p>\n<p>&nbsp;<\/p>\n<p><strong>Comunicazione e Diffusione<\/strong><\/p>\n<p>I Suoi dati personali potranno essere comunicati, nei limiti strettamente pertinenti agli obblighi, ai compiti ed alle finalit\u00e0 di cui sopra e nel rispetto della normativa vigente in materia, alle seguenti categorie di soggetti:<\/p>\n<p>&nbsp;<\/p>\n<ol>\n<li>soggetti a cui tale comunicazione deve essere effettuata al fine di adempiere o per esigere l\u2019adempimento di specifici obblighi previsti da leggi, da regolamenti e\/o dalla normativa comunitaria;<\/li>\n<li>societ\u00e0 appartenenti al Gruppo del Titolare ovvero controllanti, controllate o collegate ai sensi dell&#8217;Art. 2359 Cod.Civ., che agiscono in qualit\u00e0 di responsabili del trattamento o per finalit\u00e0 amministrativo contabili (finalit\u00e0 connesse allo svolgimento di attivit\u00e0 di natura organizzativa interna, amministrativa, finanziaria e contabile, in particolare, funzionali all\u2019adempimento di obblighi contrattuali e precontrattuali);<\/li>\n<li>persone fisiche e\/o giuridiche esterne che forniscono servizi strumentali alle attivit\u00e0 del Titolare per le finalit\u00e0 di cui al precedente punto 1. (es. call center, fornitori, consulenti, societ\u00e0, enti, studi professionali). Tali soggetti opereranno in qualit\u00e0 di responsabili del trattamento.<\/li>\n<\/ol>\n<p>&nbsp;<\/p>\n<p>I dati personali non saranno in alcun modo oggetto di diffusione.<\/p>\n<p>&nbsp;<\/p>\n<p><strong>Periodo di conservazione dei dati personali<\/strong><\/p>\n<p>I dati personali relativi ai punti <strong>a) b) <\/strong>e <strong>c)<\/strong> saranno conservati per l\u2019intera durata espressa dal contratto stipulato con il Titolare concluso il quale i dati saranno conservati per l\u2019espletazione dei termini previsti per legge per la conservazione dei documenti amministrativi dopodich\u00e9 saranno eliminati.<\/p>\n<p>I dati personali relativi ai punti<\/p>\n<p>d) cesseranno comunque alla sua partenza<\/p>\n<p>e) saranno conservati per il periodo massimo di 3 anni<\/p>\n<p>&nbsp;<\/p>\n<p><strong>Trasferimento dei dati<\/strong><\/p>\n<p>I dati personali sono conservati su server ubicati all\u2019interno dell\u2019Unione Europea. Resta in ogni caso inteso che il Titolare, ove si rendesse necessario, avr\u00e0 facolt\u00e0 di spostare i server anche extra-UE. In tal caso, il Titolare assicura sin d\u2019ora che il trasferimento dei dati extra-UE avverr\u00e0 in conformit\u00e0 alle disposizioni di legge applicabili, previa stipula delle clausole contrattuali standard previste dalla Commissione Europea.<\/p>\n<p>&nbsp;<\/p>\n<p><strong>Diritti dell\u2019interessato<\/strong><\/p>\n<p>Nella Sua qualit\u00e0 di interessato, ha i diritti di cui all\u2019art. 15 RGPD e precisamente i diritti di:<\/p>\n<p>&nbsp;<\/p>\n<ol>\n<li>ottenere la conferma dell&#8217;esistenza o meno di dati personali che La riguardano, anche se non ancora registrati, e la loro comunicazione in forma intelligibile;<\/li>\n<li>ottenere l&#8217;indicazione: a) dell&#8217;origine dei dati personali; b) delle finalit\u00e0 e modalit\u00e0 del trattamento; c) della logica applicata in caso di trattamento effettuato con l&#8217;ausilio di strumenti elettronici; d) degli estremi identificativi del titolare, dei responsabili e del rappresentante designato ai sensi dell&#8217;art. 5, comma 2 Codice Privacy e art. 3, comma 1, RGPD; e) dei soggetti o delle categorie di soggetti ai quali i dati personali possono essere comunicati o che possono venirne a conoscenza in qualit\u00e0 di rappresentante designato nel territorio dello Stato, di responsabili o incaricati;<\/li>\n<li>ottenere: a) l&#8217;aggiornamento, la rettificazione ovvero, quando vi ha interesse, l&#8217;integrazione dei dati; b) la cancellazione, la trasformazione in forma anonima o il blocco dei dati trattati in violazione di legge, compresi quelli di cui non \u00e8 necessaria la conservazione in relazione agli scopi per i quali i dati sono stati raccolti o successivamente trattati; c) l&#8217;attestazione che le operazioni di cui alle lettere a) e b) sono state portate a conoscenza, anche per quanto riguarda il loro contenuto, di coloro ai quali i dati sono stati comunicati, eccettuato il caso in cui tale adempimento si rivela impossibile o comporta un impiego di mezzi manifestamente sproporzionato rispetto al diritto tutelato;<\/li>\n<li>opporsi, in tutto o in parte: a) per motivi legittimi al trattamento dei dati personali che La riguardano, ancorch\u00e9 pertinenti allo scopo della raccolta; b) al trattamento di dati personali che La riguardano a fini di invio di materiale pubblicitario o di vendita diretta o di comunicazione commerciale, mediante l\u2019uso di sistemi automatizzati di chiamata senza l\u2019intervento di un operatore mediante e-mail e\/o mediante modalit\u00e0 di marketing tradizionali mediante telefono e\/o posta cartacea. Si fa presente che il diritto di opposizione dell\u2019interessato, esposto al precedente punto b), per finalit\u00e0 di marketing diretto mediante modalit\u00e0 automatizzate si estende a quelle tradizionali e che comunque resta salva la possibilit\u00e0 per l\u2019interessato di esercitare il diritto di opposizione anche solo in\u00a0 parte. Pertanto, l\u2019interessato pu\u00f2 decidere di ricevere solo comunicazioni mediante modalit\u00e0 tradizionali ovvero solo comunicazioni automatizzate oppure nessuna delle due tipologie di comunicazione. Ove applicabili, ha altres\u00ec i diritti di cui agli artt. 16-21 RGPD (Diritto di rettifica, diritto all\u2019oblio, diritto di limitazione di trattamento, diritto alla portabilit\u00e0 dei dati, diritto di opposizione), nonch\u00e9 il diritto di reclamo all\u2019Autorit\u00e0 Garante <u>www.garanteprivacy.it<\/u><\/li>\n<\/ol>\n<p>&nbsp;<\/p>\n<p>Per l\u2019esercizio dei diritti di cui all\u2019art. 15 del RGPD o per domande o informazioni in ordine al trattamento dei Suoi dati ed alle misure di sicurezza adottate, potr\u00e0 in ogni caso inoltrare alla nostra societ\u00e0 la richiesta al seguente indirizzo:<\/p>\n<p>&nbsp;<\/p>\n<p><strong>BLUE PROJECT SRL<\/strong><\/p>\n<p><strong>Localit\u00e0 Badualga &#8211; 08020 Badualga, San Teodoro (OT)<\/strong><\/p>\n<p><strong>Telefono: +39 0784 851092<\/strong><\/p>\n<p><strong>E-mail: info@hotelsanteodoro.com<\/strong><\/p>\n<p><strong>P.IVA: 04559780269<\/strong><\/p>\n<p>&nbsp;<\/p>\n","protected":false},"excerpt":{"rendered":"<p>&nbsp; INFORMATIVA SUL TRATTAMENTO DEI CLIENTI ai sensi dell\u2019art. 13 del Regolamento UE 2016\/679 del 27\/04\/2016 &nbsp; Ai sensi dell\u2019articolo 13 del Regolamento UE 2016\/679 del 27\/04\/2016, di seguito denominato come RGPD (Regolamento Generale per la Protezione dei Dati Personali), BLUE PROJECT SRL, con sede legale in via Zanzotto, 28 &#8211; 31053 Pieve di Soligo&hellip;<\/p>\n","protected":false},"author":1,"featured_media":0,"parent":0,"menu_order":0,"comment_status":"closed","ping_status":"closed","template":"","meta":{"_acf_changed":false,"om_disable_all_campaigns":false,"_monsterinsights_skip_tracking":false,"_monsterinsights_sitenote_active":false,"_monsterinsights_sitenote_note":"","_monsterinsights_sitenote_category":0,"footnotes":""},"class_list":["post-5373","page","type-page","status-publish","hentry"],"acf":[],"_links":{"self":[{"href":"https:\/\/hotelsanteodoro.com\/it\/wp-json\/wp\/v2\/pages\/5373","targetHints":{"allow":["GET"]}}],"collection":[{"href":"https:\/\/hotelsanteodoro.com\/it\/wp-json\/wp\/v2\/pages"}],"about":[{"href":"https:\/\/hotelsanteodoro.com\/it\/wp-json\/wp\/v2\/types\/page"}],"author":[{"embeddable":true,"href":"https:\/\/hotelsanteodoro.com\/it\/wp-json\/wp\/v2\/users\/1"}],"replies":[{"embeddable":true,"href":"https:\/\/hotelsanteodoro.com\/it\/wp-json\/wp\/v2\/comments?post=5373"}],"version-history":[{"count":0,"href":"https:\/\/hotelsanteodoro.com\/it\/wp-json\/wp\/v2\/pages\/5373\/revisions"}],"wp:attachment":[{"href":"https:\/\/hotelsanteodoro.com\/it\/wp-json\/wp\/v2\/media?parent=5373"}],"curies":[{"name":"wp","href":"https:\/\/api.w.org\/{rel}","templated":true}]}}