{"id":40,"date":"2018-02-06T14:44:17","date_gmt":"2018-02-06T14:44:17","guid":{"rendered":"https:\/\/demo-content.kaliumtheme.com\/hotel\/?page_id=40"},"modified":"2026-02-03T15:08:12","modified_gmt":"2026-02-03T14:08:12","slug":"hotel-san-teodoro-home","status":"publish","type":"page","link":"https:\/\/hotelsanteodoro.com\/it\/","title":{"rendered":"Home"},"content":{"rendered":"<div class=\"wpb-content-wrapper\"><p>[vc_row full_width=&#8221;stretch_row_content_no_spaces&#8221;][vc_column]\n\t\t\t\t<p class=\"rs-p-wp-fix\"><\/p>\n\t\t\t\t<sr7-module data-alias=\"Video-home\" data-id=\"15\" id=\"SR7_15_1\" data-version=\"6.7.52\">\n\t\t\t\t\t<sr7-adjuster><\/sr7-adjuster>\n\t\t\t\t\t<sr7-content>\n\t\t\t\t\t\t<sr7-slide id=\"SR7_15_1-22\" data-key=\"22\">\n\t\t\t\t\t\t\t<sr7-bg id=\"SR7_15_1-22-slidebg\" class=\"sr7-layer\"><noscript><img decoding=\"async\" src=\"https:\/\/hotelsanteodoro.com\/wp-content\/uploads\/revslider\/video-media\/hst-video-16mb_27_layer.jpeg\" alt=\"uomo in piscina2\" title=\"hst-video-16mb_27_layer.jpeg\"><\/noscript><\/sr7-bg>\n\t\t\t\t\t\t<\/sr7-slide>\n\t\t\t\t\t\t<sr7-slide id=\"SR7_15_1-33\" data-key=\"33\">\n\t\t\t\t\t\t<\/sr7-slide>\n\t\t\t\t\t<\/sr7-content>\n\t\t\t\t<\/sr7-module>\n\t\t\t\t<script>\n\t\t\t\t\twindow.SR7 ??={};SR7.PMH ??={}; SR7.PMH[\"SR7_15_1\"] = {cn:100,state:false,fn: function() { if (window._tpt!==undefined && window._tpt.prepareModuleHeight !== undefined) {  _tpt.prepareModuleHeight({id:\"SR7_15_1\",el:[924,650,450,450],type:'standard',shdw:'0',gh:[924,650,450,450],gw:[1080,1024,778,480],vpt:['-200px'],size:{fullWidth:true, fullHeight:false},mh:'0',onh:0,onw:0,bg:{color:'#686868'},plType:'-1',plColor:'#FFFFFF'});   SR7.PMH[\"SR7_15_1\"].state=true;} else if(SR7.PMH[\"SR7_15_1\"].cn-->0)\tsetTimeout( SR7.PMH[\"SR7_15_1\"].fn,19);}};SR7.PMH[\"SR7_15_1\" ].fn();\n\t\t\t\t<\/script>\n[\/vc_column][\/vc_row][vc_row full_width=&#8221;stretch_row_content&#8221;][vc_column css=&#8221;.vc_custom_1523367252317{padding-right: 0px !important;padding-left: 0px !important;}&#8221;][vc_row_inner css=&#8221;.vc_custom_1733321858159{margin-top: 20px !important;padding-top: 10px !important;padding-bottom: 10px !important;background-color: #eeeeee !important;}&#8221;][vc_column_inner][vc_custom_heading text=&#8221;Prenota direttamente sul nostro sito ufficiale&#8221; font_container=&#8221;tag:h2|text_align:center&#8221; use_theme_fonts=&#8221;yes&#8221; css=&#8221;&#8221;][vc_custom_heading text=&#8221;e risparmia fino al 10%&#8221; font_container=&#8221;tag:h4|text_align:center&#8221; use_theme_fonts=&#8221;yes&#8221; css=&#8221;&#8221;][vc_column_text css=&#8221;&#8221;]<\/p>\n<p style=\"text-align: center;\">Contattaci ed affidati a noi: trasformeremo i tuoi desideri nel soggiorno perfetto!<\/p>\n<p>[\/vc_column_text][\/vc_column_inner][\/vc_row_inner][vc_row_inner][vc_column_inner width=&#8221;1\/2&#8243;][vc_btn title=&#8221;CHIAMACI&#8221; color=&#8221;green&#8221; size=&#8221;lg&#8221; align=&#8221;center&#8221; i_icon_fontawesome=&#8221;fas fa-phone&#8221; css=&#8221;&#8221; add_icon=&#8221;true&#8221; link=&#8221;url:tel%3A%2B390784851092&#8243;][\/vc_column_inner][vc_column_inner width=&#8221;1\/2&#8243;][vc_btn title=&#8221;SCRIVICI SU WHATSAPP&#8221; color=&#8221;green&#8221; size=&#8221;lg&#8221; align=&#8221;center&#8221; i_icon_fontawesome=&#8221;fab fa-whatsapp&#8221; css=&#8221;&#8221; add_icon=&#8221;true&#8221; link=&#8221;url:https%3A%2F%2Fwa.me%2F%2B393440974122&#8243;][\/vc_column_inner][\/vc_row_inner][vc_row_inner container_type=&#8221;fluid&#8221; equal_height=&#8221;yes&#8221; content_placement=&#8221;middle&#8221; css=&#8221;.vc_custom_1621345426327{margin-bottom: 2px !important;}&#8221;][vc_column_inner width=&#8221;1\/2&#8243; css=&#8221;.vc_custom_1620998500173{padding-top: 40px !important;padding-right: 50px !important;padding-bottom: 40px !important;padding-left: 50px !important;background-image: url(https:\/\/demo.hotelsanteodoro.com\/wp-content\/uploads\/2021\/03\/Executive-room-hotel-san-teodoro-white-1.jpg?id=1844) !important;background-position: center !important;background-repeat: no-repeat !important;background-size: cover !important;}&#8221;][vc_custom_heading text=&#8221;Scopri l&#8217;Hotel&#8221; font_container=&#8221;tag:p|text_align:center|color:%23ccab56&#8243; use_theme_fonts=&#8221;yes&#8221; css=&#8221;.vc_custom_1619454464310{margin-bottom: 15px !important;}&#8221; el_class=&#8221;sub-heading&#8221;][vc_custom_heading text=&#8221;Camere &amp; Suites&#8221; font_container=&#8221;tag:h2|text_align:center&#8221; use_theme_fonts=&#8221;yes&#8221; css_animation=&#8221;none&#8221; link=&#8221;url:https%3A%2F%2Fdemo-content.kaliumtheme.com%2Fhotel%2Fdining%2F|||&#8221;][vc_column_text css=&#8221;&#8221;]<\/p>\n<p style=\"text-align: center;\">Le camere dell\u2019<strong>Hotel San Teodoro<\/strong> sono pensate per offrire un&#8217;esperienza di soggiorno unica, immerse in spazi eleganti che presentano tonalit\u00e0 naturali, un design contemporaneo ed uno stile minimalista. Gli ospiti possono scegliere tra una vasta gamma di opzioni, dalle stanze accoglienti e raffinate, perfette per un soggiorno intimo, alle suites spaziose e lussuose, realizzate con materiali pregiati per garantire il massimo del comfort e della qualit\u00e0.<\/p>\n<p>[\/vc_column_text][vc_btn title=&#8221;Vedi Camere &amp; Suites&#8221; style=&#8221;flat&#8221; shape=&#8221;square&#8221; color=&#8221;orange&#8221; align=&#8221;center&#8221; css_animation=&#8221;fadeIn&#8221; css=&#8221;.vc_custom_1620916862819{margin-bottom: 0px !important;}&#8221; link=&#8221;url:%2Fcamere-suites%2F&#8221;][\/vc_column_inner][vc_column_inner el_class=&#8221;homepage-imgbox&#8221; width=&#8221;1\/2&#8243; css=&#8221;.vc_custom_1620045625373{background-position: center !important;background-repeat: no-repeat !important;background-size: cover !important;}&#8221;][vc_single_image image=&#8221;4237&#8243; img_size=&#8221;full&#8221;][\/vc_column_inner][\/vc_row_inner][vc_row_inner container_type=&#8221;fluid&#8221; equal_height=&#8221;yes&#8221; content_placement=&#8221;middle&#8221; css=&#8221;.vc_custom_1656949022369{margin-bottom: -30px !important;}&#8221;][vc_column_inner el_class=&#8221;homepage-imgbox&#8221; width=&#8221;1\/2&#8243; css=&#8221;.vc_custom_1620046243528{background-position: center !important;background-repeat: no-repeat !important;background-size: cover !important;}&#8221;][vc_single_image image=&#8221;3916&#8243; img_size=&#8221;full&#8221;][\/vc_column_inner][vc_column_inner width=&#8221;1\/2&#8243; css=&#8221;.vc_custom_1620026723910{padding-top: 75px !important;padding-right: 50px !important;padding-bottom: 75px !important;padding-left: 50px !important;background-image: url(https:\/\/demo.hotelsanteodoro.com\/wp-content\/uploads\/2021\/04\/pool-san-teodoro-1-op.jpg?id=2476) !important;}&#8221;][vc_custom_heading text=&#8221;Hst Experience&#8221; font_container=&#8221;tag:p|text_align:center|color:%23ccab56&#8243; use_theme_fonts=&#8221;yes&#8221; css=&#8221;.vc_custom_1619524826170{margin-bottom: 15px !important;}&#8221; el_class=&#8221;sub-heading&#8221;][vc_custom_heading text=&#8221;Experience&#8221; font_container=&#8221;tag:h2|text_align:center&#8221; use_theme_fonts=&#8221;yes&#8221; css_animation=&#8221;none&#8221; link=&#8221;url:https%3A%2F%2Fdemo-content.kaliumtheme.com%2Fhotel%2Fspa%2F|title:Spa||&#8221;][vc_column_text css=&#8221;&#8221;]<\/p>\n<p style=\"text-align: center;\">All&#8217;<strong>Hotel San Teodoro<\/strong> ogni momento \u00e8 pensato per regalarti un&#8217;esperienza unica e su misura. Immagina di lasciarti andare al totale relax mentre fai un tuffo rinfrescante in piscina o di goderti il lusso di un posto in prima fila, riservato solo per te, sulla splendida spiaggia di <strong>La Cinta<\/strong>.<\/p>\n<p style=\"text-align: center;\">Lasciati sorprendere dai dettagli che renderanno il tuo soggiorno davvero indimenticabile.<\/p>\n<p>[\/vc_column_text][vc_btn title=&#8221;Scopri di pi\u00f9&#8221; style=&#8221;flat&#8221; shape=&#8221;square&#8221; color=&#8221;orange&#8221; align=&#8221;center&#8221; css_animation=&#8221;fadeIn&#8221; css=&#8221;.vc_custom_1651820387086{margin-bottom: 0px !important;}&#8221; link=&#8221;url:https%3A%2F%2Fhotelsanteodoro.com%2Fit%2Fhotel-san-teodoro-experience-hotel-hotel-in-sardegna%2F|title:Experience&#8221;][\/vc_column_inner][\/vc_row_inner][vc_row_inner container_type=&#8221;fluid&#8221; equal_height=&#8221;yes&#8221; content_placement=&#8221;middle&#8221; css=&#8221;.vc_custom_1656060716253{margin-bottom: -30px !important;}&#8221;][vc_column_inner width=&#8221;1\/2&#8243; css=&#8221;.vc_custom_1687954659000{padding-top: 60px !important;background-image: url(https:\/\/demo.hotelsanteodoro.com\/wp-content\/uploads\/2021\/04\/HST-Breakfast-op.jpg?id=2484) !important;}&#8221;][vc_custom_heading text=&#8221;HST ART CAFE'&#8221; font_container=&#8221;tag:p|text_align:center|color:%23ccab56&#8243; use_theme_fonts=&#8221;yes&#8221; css=&#8221;.vc_custom_1701252598403{margin-bottom: 15px !important;}&#8221; el_class=&#8221;sub-heading&#8221;][vc_custom_heading text=&#8221;Hst Caf\u00e8&#8221; font_container=&#8221;tag:h2|text_align:center&#8221; use_theme_fonts=&#8221;yes&#8221; css_animation=&#8221;none&#8221; link=&#8221;url:%2Fconsigli%2F|title:Spa&#8221;][vc_column_text css=&#8221;&#8221;]<\/p>\n<p style=\"text-align: center;\">Immergiti in un ambiente ricco di arte e design, dove ogni dettaglio \u00e8 curato. Qui, gli ospiti possono deliziare il palato con una <strong>colazione<\/strong> abbondante, grazie a un <strong>buffet<\/strong> variegato di prelibatezze preparate con maestria dal nostro pasticcere.<\/p>\n<p style=\"text-align: center;\">La terrazza esterna rappresenta il posto perfetto per goderti la leggera brezza mattutina, creando l\u2019atmosfera ideale per iniziare la giornata con energia e positivit\u00e0.<\/p>\n<p style=\"text-align: center;\">Ti aspettiamo per la colazione, disponibile dalle 7:30 alle 10:00, con un servizio a buffet che soddisfer\u00e0 tutti i gusti!<\/p>\n<p>[\/vc_column_text][vc_btn title=&#8221;Art Exhibitions&#8221; style=&#8221;flat&#8221; shape=&#8221;square&#8221; color=&#8221;orange&#8221; align=&#8221;center&#8221; css_animation=&#8221;fadeIn&#8221; css=&#8221;.vc_custom_1701252417358{margin-bottom: 0px !important;}&#8221; link=&#8221;url:https%3A%2F%2Fhotelsanteodoro.com%2Fit%2Fhst-art-and-exhibitions%2F|title:HST%20Art%20and%20Exhibitions&#8221;][\/vc_column_inner][vc_column_inner el_class=&#8221;homapage-gallery&#8221; width=&#8221;1\/2&#8243; css=&#8221;.vc_custom_1687948405201{background-position: center !important;background-repeat: no-repeat !important;background-size: cover !important;}&#8221; offset=&#8221;vc_col-xs-12&#8243;][vc_images_carousel images=&#8221;6499,6505&#8243; img_size=&#8221;full&#8221; speed=&#8221;4000&#8243; autoplay=&#8221;yes&#8221; hide_pagination_control=&#8221;yes&#8221; css=&#8221;.vc_custom_1730373004821{margin-top: -5px !important;margin-left: -14px !important;}&#8221;][\/vc_column_inner][\/vc_row_inner][vc_row_inner container_type=&#8221;fluid&#8221; equal_height=&#8221;yes&#8221; content_placement=&#8221;middle&#8221; css=&#8221;.vc_custom_1687955123959{margin-top: -40px !important;}&#8221;][vc_column_inner el_class=&#8221;homepage-imgbox&#8221; width=&#8221;1\/2&#8243; css=&#8221;.vc_custom_1656060567051{background-position: center !important;background-repeat: no-repeat !important;background-size: cover !important;}&#8221;][vc_single_image image=&#8221;1839&#8243; img_size=&#8221;full&#8221; alignment=&#8221;right&#8221; el_id=&#8221;space&#8221;][\/vc_column_inner][vc_column_inner width=&#8221;1\/2&#8243; css=&#8221;.vc_custom_1656060614059{padding-right: 50px !important;padding-bottom: 50px !important;padding-left: 50px !important;background-image: url(https:\/\/demo.hotelsanteodoro.com\/wp-content\/uploads\/2021\/04\/HST-External-Spiaggia.jpg?id=2492) !important;}&#8221;][vc_custom_heading text=&#8221;LOCATION&#8221; font_container=&#8221;tag:p|text_align:center|color:%23ccab56&#8243; use_theme_fonts=&#8221;yes&#8221; css=&#8221;.vc_custom_1627392656001{margin-bottom: 15px !important;padding-top: 60px !important;}&#8221; el_class=&#8221;sub-heading&#8221;][vc_custom_heading text=&#8221;Scopri San Teodoro&#8221; font_container=&#8221;tag:h2|text_align:center&#8221; use_theme_fonts=&#8221;yes&#8221; css_animation=&#8221;none&#8221; link=&#8221;url:%2Fconsigli%2F|title:Spa&#8221;][vc_column_text css=&#8221;&#8221;]<\/p>\n<p style=\"text-align: center;\">Il tuo viaggio inizia qui, a <strong>San Teodoro<\/strong>, una meta ideale per chi cerca un perfetto equilibrio tra relax e divertimento. Questa localit\u00e0 incantevole, circondata da alcune delle spiagge pi\u00f9 suggestive della Sardegna, ti permette di immergerti nella bellezza naturale dell&#8217;isola. A pochi passi dalla rinomata <strong>Costa Smeralda<\/strong> e dal <strong>Golfo di Orosei<\/strong>, San Teodoro \u00e8 ricca di opportunit\u00e0 per attivit\u00e0 ed attrazioni per tutti i gusti.<\/p>\n<p style=\"text-align: center;\">La nostra struttura \u00e8 pronta ad accoglierti, garantendoti un soggiorno confortevole e piacevole, in un ambiente che unisce eleganza e calore. Ti invitiamo a scoprire tutto ci\u00f2 che questa meravigliosa destinazione ha da offrire e a creare ricordi indimenticabili con noi.<\/p>\n<p>[\/vc_column_text][\/vc_column_inner][\/vc_row_inner][\/vc_column][\/vc_row][vc_row full_width=&#8221;stretch_row&#8221; el_class=&#8221;homepage-events&#8221;][vc_column css=&#8221;.vc_custom_1523367549351{padding-top: 0px !important;padding-bottom: 0px !important;}&#8221;][vc_single_image image=&#8221;8623&#8243; img_size=&#8221;large&#8221; alignment=&#8221;center&#8221; css=&#8221;&#8221;][\/vc_column][\/vc_row][vc_row full_width=&#8221;stretch_row&#8221; el_class=&#8221;homepage-events&#8221;][vc_column css=&#8221;.vc_custom_1523367549351{padding-top: 0px !important;padding-bottom: 0px !important;}&#8221;][vc_video link=&#8221;http:\/\/youtube.com\/watch?v=fvm2OF5Z3hI&#8221; el_width=&#8221;60&#8243; align=&#8221;center&#8221; css=&#8221;&#8221;][\/vc_column][\/vc_row][vc_row full_width=&#8221;stretch_row&#8221; equal_height=&#8221;yes&#8221; css=&#8221;.vc_custom_1749043667399{background-color: #eeeeee !important;}&#8221; el_class=&#8221;homepage-events&#8221;][vc_column css=&#8221;.vc_custom_1749043725441{padding-top: 0px !important;padding-bottom: 0px !important;}&#8221;][vc_custom_heading text=&#8221;Blog&#8221; font_container=&#8221;tag:h2|text_align:center&#8221; google_fonts=&#8221;font_family:Open%20Sans%3A300%2C300italic%2Cregular%2Citalic%2C600%2C600italic%2C700%2C700italic%2C800%2C800italic|font_style:600%20bold%20regular%3A600%3Anormal&#8221; css=&#8221;.vc_custom_1619597244259{padding-bottom: 20px !important;}&#8221; el_class=&#8221;h1-title&#8221;][lab_blog_posts columns=&#8221;4&#8243; blog_posts_options=&#8221;date&#8221; hover_layer_icon=&#8221;custom&#8221; blog_query=&#8221;size:1|order_by:date|post_type:post&#8221; el_class=&#8221;homepage-posts&#8221; css=&#8221;.vc_custom_1749043785514{margin-bottom: 0px !important;}&#8221; image_size=&#8221;800&#215;500&#8243;][vc_btn title=&#8221;ARTICOLI&#8221; style=&#8221;flat&#8221; shape=&#8221;square&#8221; color=&#8221;orange&#8221; size=&#8221;lg&#8221; align=&#8221;center&#8221; css=&#8221;.vc_custom_1620044313865{padding-right: 20px !important;padding-left: 20px !important;}&#8221; link=&#8221;url:%2Fblog%2F|title:Articoli|target:_blank&#8221;][\/vc_column][\/vc_row][vc_row css=&#8221;.vc_custom_1618848227518{background-color: #d8d8d8 !important;}&#8221;][vc_column css=&#8221;.vc_custom_1619596320586{background-color: #ffffff !important;}&#8221;][vc_custom_heading text=&#8221;Come raggiungerci&#8221; font_container=&#8221;tag:h2|text_align:center&#8221; google_fonts=&#8221;font_family:Open%20Sans%3A300%2C300italic%2Cregular%2Citalic%2C600%2C600italic%2C700%2C700italic%2C800%2C800italic|font_style:700%20bold%20regular%3A700%3Anormal&#8221;][vc_btn title=&#8221;SCOPRI DI PI\u00d9&#8221; style=&#8221;flat&#8221; shape=&#8221;square&#8221; color=&#8221;orange&#8221; size=&#8221;lg&#8221; align=&#8221;center&#8221; css_animation=&#8221;fadeIn&#8221; css=&#8221;.vc_custom_1619596362844{margin-bottom: 30px !important;padding-top: 20px !important;}&#8221; link=&#8221;url:%2Fcome-raggiungerci%2F|title:Come%20raggiungerci|target:_blank&#8221;][\/vc_column][\/vc_row][vc_row][vc_column][vc_raw_html el_class=&#8221;barra-prenotazione&#8221;]JTNDc2NyaXB0JTIwdHlwZSUzRCUyMnRleHQlMkZqYXZhc2NyaXB0JTIyJTNFJTBBJTI4ZnVuY3Rpb24lMjAlMjhpJTJDJTIwcyUyQyUyMG8lMkMlMjBnJTJDJTIwciUyQyUyMGElMkMlMjBtJTI5JTIwJTdCJTBBJTIwJTIwJTIwJTIwaSU1QiUyN1NCU3luY3JvQm94UGFyYW0lMjclNUQlMjAlM0QlMjByJTNCJTIwaSU1QnIlNUQlMjAlM0QlMjBpJTVCciU1RCUyMCU3QyU3QyUyMGZ1bmN0aW9uJTIwJTI4JTI5JTIwJTdCJTBBJTIwJTIwJTIwJTIwJTIwJTIwJTIwJTIwJTI4aSU1QnIlNUQucSUyMCUzRCUyMGklNUJyJTVELnElMjAlN0MlN0MlMjAlNUIlNUQlMjkucHVzaCUyOGFyZ3VtZW50cyUyOSUwQSUyMCUyMCUyMCUyMCU3RCUyQyUyMGklNUJyJTVELmwlMjAlM0QlMjAxJTIwJTJBJTIwbmV3JTIwRGF0ZSUyOCUyOSUzQiUyMGElMjAlM0QlMjBzLmNyZWF0ZUVsZW1lbnQlMjhvJTI5JTJDJTBBJTIwJTIwJTIwJTIwbSUyMCUzRCUyMHMuZ2V0RWxlbWVudHNCeVRhZ05hbWUlMjhvJTI5JTVCMCU1RCUzQiUyMGEuYXN5bmMlMjAlM0QlMjAxJTNCJTIwYS5zcmMlMjAlM0QlMjBnJTNCJTIwbS5wYXJlbnROb2RlLmluc2VydEJlZm9yZSUyOGElMkMlMjBtJTI5JTBBJTdEJTI5JTI4d2luZG93JTJDJTIwZG9jdW1lbnQlMkMlMjAlMjdzY3JpcHQlMjclMkMlMjAlMjdodHRwcyUzQSUyRiUyRmNkbi5zaW1wbGVib29raW5nLml0JTJGc2VhcmNoLWJveC1zY3JpcHQuYXhkJTNGSURBJTNEMzE0MCUyNyUyQyUyN1NCU3luY3JvQm94JTI3JTI5JTNCJTBBJTBBU0JTeW5jcm9Cb3glMjglN0IlMEElMjAlMjAlMjAlMjBDb2RMYW5nJTNBJTIwJTI3SVQlMjclMkMlMEElMjAlMjAlMjAlMjBTdHlsZXMlM0ElMjAlN0IlMEFUaGVtZSUzQSUyMCUyN2xpZ2h0LWdvbGQlMjclMkMlMEElMjAlMjAlMjAlMjAlMjAlMjAlMjBDdXN0b21CR0NvbG9yJTNBJTIwJTIyJTIzRkZGJTIyJTJDJTBBQ3VzdG9tRmllbGRCYWNrZ3JvdW5kQ29sb3IlM0ElMjAlMjIlMjNGRkYlMjIlMkMlMEFDdXN0b21Db2xvciUzQSUyMCUyMiUyMzY2NjY2NiUyMiUyQyUwQUN1c3RvbUxhYmVsQ29sb3IlM0ElMjAlMjIlMjNiYTkzMWElMjIlMkMlMEFDdXN0b21MYWJlbEhvdmVyQ29sb3IlM0ElMjAlMjIlMjNkN2I5NWUlMjIlMkMlMEFDdXN0b21JY29uQ29sb3IlM0ElMjAlMjIlMjNiYTkzMWElMjIlMkMlMEFDdXN0b21CdXR0b25Db2xvciUzQSUyMCUyMiUyM0ZGRiUyMiUyQyUwQUN1c3RvbUJ1dHRvbkJHQ29sb3IlM0ElMjAlMjIlMjNiYTkzMWElMjIlMkMlMEFDdXN0b21CdXR0b25Ib3ZlckJHQ29sb3IlM0ElMjAlMjIlMjNkN2I5NWUlMjIlMkMlMEFDdXN0b21XaWRnZXRDb2xvciUzQSUyMCUyMiUyMzY2NjY2NiUyMiUyQyUwQUN1c3RvbVdpZGdldEJHQ29sb3IlM0ElMjAlMjIlMjNGRkYlMjIlMkMlMEFDdXN0b21Cb3hTaGFkb3dDb2xvciUzQSUyMCUyMiUyMzY2NjY2NiUyMiUyQyUwQUN1c3RvbUJveFNoYWRvd0NvbG9yRm9jdXMlM0ElMjAlMjIlMjM2NjY2NjYlMjIlMkMlMEFDdXN0b21Cb3hTaGFkb3dDb2xvckhvdmVyJTNBJTIwJTIyJTIzNjY2NjY2JTIyJTJDJTBBQ3VzdG9tQWRkUm9vbUJveFNoYWRvd0NvbG9yJTNBJTIwJTIyJTIzNjY2NjY2JTIyJTJDJTBBQ3VzdG9tSW50ZW50U2VsZWN0aW9uQ29sb3IlM0ElMjAlMjIlMjM2NjY2NjYlMjIlMkMlMEFDdXN0b21JbnRlbnRTZWxlY3Rpb25EYXlzQkdDb2xvciUzQSUyMCUyMiUyMzY2NjY2NiUyMiUyQyUwQUN1c3RvbUtpZEFnZUludmFsaWRDb2xvciUzQSUyMCUyMiUyMzY2NjY2NiUyMiUyQyUwQUZvbnRGYW1pbHklM0ElMjAlMjclMjJPcGVuJTIwU2FucyUyMiUyQyUyMHNhbnMtc2VyaWYlMjclMkMlMEElN0QlMEElMDklMEElN0QlMjklM0IlMEElM0MlMkZzY3JpcHQlM0UlMEElM0NkaXYlMjBpZCUzRCUyMnNiLWNvbnRhaW5lciUyMiUzRVBSRU5PVEElMjBPUkElM0MlMkZkaXYlM0UlMjA=[\/vc_raw_html][\/vc_column][\/vc_row][vc_row][vc_column][vc_column_text][\/vc_column_text][\/vc_column][\/vc_row][vc_row][vc_column][vc_gmaps link=&#8221;#E-8_JTNDaWZyYW1lJTIwc3JjJTNEJTIyaHR0cHMlM0ElMkYlMkZ3d3cuZ29vZ2xlLmNvbSUyRm1hcHMlMkZlbWJlZCUzRnBiJTNEJTIxMW0xOCUyMTFtMTIlMjExbTMlMjExZDMwMjEuOTQ4MjU4MzA5ODI3NSUyMTJkOS42NTExNDUyMTQ3NzQ2NTglMjEzZDQwLjc2MzE2Mjc0MjQyMjAzJTIxMm0zJTIxMWYwJTIxMmYwJTIxM2YwJTIxM20yJTIxMWkxMDI0JTIxMmk3NjglMjE0ZjEzLjElMjEzbTMlMjExbTIlMjExczB4MTJkZWNlZGM1MjJmNTk2NyUyNTNBMHgxN2M3ZGY5M2QyYTgxYjI1JTIxMnNIb3RlbCUyNTIwU2FuJTI1MjBUZW9kb3JvJTIxNWUwJTIxM20yJTIxMXNpdCUyMTJzaXQlMjE0djE2MjUxMjYyODQ0NDUlMjE1bTIlMjExc2l0JTIxMnNpdCUyMiUyMGRhdGEtY29va2llY29uc2VudCUzRCUyMm1hcmtldGluZyUzQiUyMFByZWZlcmVuemUlM0IlMjBTdGF0aXN0aWNoZSUyMiUyMHdpZHRoJTNEJTIyNjAwJTIyJTIwaGVpZ2h0JTNEJTIyNDUwJTIyJTIwc3R5bGUlM0QlMjJib3JkZXIlM0EwJTNCJTIyJTIwYWxsb3dmdWxsc2NyZWVuJTNEJTIyJTIyJTIwbG9hZGluZyUzRCUyMmxhenklMjIlM0UlM0MlMkZpZnJhbWUlM0U=&#8221; size=&#8221;400px&#8221; css=&#8221;&#8221;][\/vc_column][\/vc_row][vc_row][vc_column][vc_single_image image=&#8221;8883&#8243; img_size=&#8221;large&#8221; alignment=&#8221;center&#8221; css=&#8221;&#8221;][\/vc_column][\/vc_row][vc_row][vc_column][vc_single_image image=&#8221;8922&#8243; img_size=&#8221;large&#8221; alignment=&#8221;center&#8221; css=&#8221;&#8221;][\/vc_column][\/vc_row]<\/p>\n<\/div>","protected":false},"excerpt":{"rendered":"<p>[vc_row full_width=&#8221;stretch_row_content_no_spaces&#8221;][vc_column][\/vc_column][\/vc_row][vc_row full_width=&#8221;stretch_row_content&#8221;][vc_column css=&#8221;.vc_custom_1523367252317{padding-right: 0px !important;padding-left: 0px !important;}&#8221;][vc_row_inner css=&#8221;.vc_custom_1733321858159{margin-top: 20px !important;padding-top: 10px !important;padding-bottom: 10px !important;background-color: #eeeeee !important;}&#8221;][vc_column_inner][vc_custom_heading text=&#8221;Prenota direttamente sul nostro sito ufficiale&#8221; font_container=&#8221;tag:h2|text_align:center&#8221; use_theme_fonts=&#8221;yes&#8221; css=&#8221;&#8221;][vc_custom_heading text=&#8221;e risparmia fino al 10%&#8221; font_container=&#8221;tag:h4|text_align:center&#8221; use_theme_fonts=&#8221;yes&#8221; css=&#8221;&#8221;][vc_column_text css=&#8221;&#8221;] Contattaci ed affidati a noi: trasformeremo i tuoi desideri nel soggiorno perfetto! [\/vc_column_text][\/vc_column_inner][\/vc_row_inner][vc_row_inner][vc_column_inner width=&#8221;1\/2&#8243;][vc_btn title=&#8221;CHIAMACI&#8221; color=&#8221;green&#8221; size=&#8221;lg&#8221; align=&#8221;center&#8221; i_icon_fontawesome=&#8221;fas fa-phone&#8221;&hellip;<\/p>\n","protected":false},"author":1,"featured_media":0,"parent":0,"menu_order":0,"comment_status":"closed","ping_status":"closed","template":"","meta":{"_acf_changed":false,"om_disable_all_campaigns":false,"_monsterinsights_skip_tracking":false,"_monsterinsights_sitenote_active":false,"_monsterinsights_sitenote_note":"","_monsterinsights_sitenote_category":0,"footnotes":""},"class_list":["post-40","page","type-page","status-publish","hentry"],"acf":[],"_links":{"self":[{"href":"https:\/\/hotelsanteodoro.com\/it\/wp-json\/wp\/v2\/pages\/40","targetHints":{"allow":["GET"]}}],"collection":[{"href":"https:\/\/hotelsanteodoro.com\/it\/wp-json\/wp\/v2\/pages"}],"about":[{"href":"https:\/\/hotelsanteodoro.com\/it\/wp-json\/wp\/v2\/types\/page"}],"author":[{"embeddable":true,"href":"https:\/\/hotelsanteodoro.com\/it\/wp-json\/wp\/v2\/users\/1"}],"replies":[{"embeddable":true,"href":"https:\/\/hotelsanteodoro.com\/it\/wp-json\/wp\/v2\/comments?post=40"}],"version-history":[{"count":2,"href":"https:\/\/hotelsanteodoro.com\/it\/wp-json\/wp\/v2\/pages\/40\/revisions"}],"predecessor-version":[{"id":9451,"href":"https:\/\/hotelsanteodoro.com\/it\/wp-json\/wp\/v2\/pages\/40\/revisions\/9451"}],"wp:attachment":[{"href":"https:\/\/hotelsanteodoro.com\/it\/wp-json\/wp\/v2\/media?parent=40"}],"curies":[{"name":"wp","href":"https:\/\/api.w.org\/{rel}","templated":true}]}}