{"id":2705,"date":"2021-05-03T09:05:43","date_gmt":"2021-05-03T09:05:43","guid":{"rendered":"https:\/\/demo.hotelsanteodoro.com\/escursioni\/"},"modified":"2024-05-17T14:26:37","modified_gmt":"2024-05-17T14:26:37","slug":"itinerari-archeologici-e-musei-hotel-san-teodoro-hst-experience","status":"publish","type":"page","link":"https:\/\/hotelsanteodoro.com\/it\/itinerari-archeologici-e-musei-hotel-san-teodoro-hst-experience\/","title":{"rendered":"Itinerari archeologici e musei"},"content":{"rendered":"<div class=\"wpb-content-wrapper\"><p>[vc_row full_width=&#8221;stretch_row&#8221; content_placement=&#8221;middle&#8221; css_animation=&#8221;none&#8221;][vc_column][vc_custom_heading text=&#8221;Itinerari Archeologici &amp; Musei&#8221; font_container=&#8221;tag:h2|text_align:center&#8221; use_theme_fonts=&#8221;yes&#8221; css_animation=&#8221;flipInX&#8221; css=&#8221;.vc_custom_1621328855939{padding-top: 20px !important;padding-bottom: 10px !important;}&#8221;][\/vc_column][\/vc_row][vc_row equal_height=&#8221;yes&#8221; content_placement=&#8221;middle&#8221;][vc_column css_animation=&#8221;none&#8221; width=&#8221;1\/4&#8243; css=&#8221;.vc_custom_1621328841868{background-image: url(https:\/\/hotelsanteodoro.com\/wp-content\/uploads\/2021\/04\/barumini-scaled.jpg?id=2541) !important;background-position: center !important;background-repeat: no-repeat !important;background-size: cover !important;}&#8221; offset=&#8221;vc_col-xs-12&#8243;][vc_single_image image=&#8221;3252&#8243; img_size=&#8221;full&#8221;][\/vc_column][vc_column css_animation=&#8221;none&#8221; width=&#8221;1\/4&#8243; css=&#8221;.vc_custom_1621327492003{padding-top: 50px !important;padding-right: 50px !important;padding-bottom: 50px !important;padding-left: 50px !important;}&#8221; offset=&#8221;vc_col-xs-12&#8243;][vc_custom_heading text=&#8221;Area Archeologica Su Nuraxi \u2013 Barumini&#8221; font_container=&#8221;tag:h3|text_align:center&#8221; use_theme_fonts=&#8221;yes&#8221; css_animation=&#8221;none&#8221; css=&#8221;.vc_custom_1621327518369{margin-top: -40px !important;margin-bottom: 30px !important;}&#8221;][vc_column_text css=&#8221;.vc_custom_1715955165979{margin-bottom: 0px !important;}&#8221;]<\/p>\n<p style=\"text-align: center;\">Non si pu\u00f2 andar via dalla Sardegna <strong>senza aver visitato<\/strong> un <strong>Nuraghe, <\/strong>il nuraghe \u00e8 un monumento unico al mondo e che potrete trovare solo in questa magnifica terra. Barumini \u00e8 l\u2019unico sito patrimonio dell\u2019<a href=\"https:\/\/www.unesco.it\/it\/unesco-vicino-a-te\/siti-patrimonio-mondiale\/su-nuraxi-di-barumini\/ \" target=\"_blank\" rel=\"noopener\"><strong>Unesco<\/strong>\u00a0<\/a>in Sardegna. Scoprirete come si vivevano 3500 anni fa e farete un meraviglioso salto indietro nel tempo.<\/p>\n<p>[\/vc_column_text][vc_btn title=&#8221;Prenota&#8221; color=&#8221;warning&#8221; align=&#8221;center&#8221; css=&#8221;.vc_custom_1620744319699{padding-top: 20px !important;}&#8221; link=&#8221;url:mailto%3Abooking%40hotelsanteodoro.com|target:_blank&#8221;][\/vc_column][vc_column css_animation=&#8221;none&#8221; width=&#8221;1\/4&#8243; css=&#8221;.vc_custom_1621328062532{background-position: center !important;background-repeat: no-repeat !important;background-size: cover !important;}&#8221; offset=&#8221;vc_col-xs-12&#8243;][vc_single_image image=&#8221;3254&#8243; img_size=&#8221;full&#8221;][\/vc_column][vc_column width=&#8221;1\/4&#8243; css=&#8221;.vc_custom_1621328073043{padding-top: 50px !important;padding-right: 50px !important;padding-bottom: 50px !important;padding-left: 50px !important;}&#8221; offset=&#8221;vc_col-xs-12&#8243;][vc_custom_heading text=&#8221;Area Archeologica Tiscali &#8211; Dorgali&#8221; font_container=&#8221;tag:h3|text_align:center&#8221; use_theme_fonts=&#8221;yes&#8221; css=&#8221;.vc_custom_1621328098038{margin-top: -40px !important;margin-bottom: 30px !important;}&#8221;][vc_column_text css=&#8221;.vc_custom_1620745011189{margin-bottom: 0px !important;}&#8221;]<\/p>\n<p style=\"text-align: center;\">Si tratta di un rilievo carsico nel cuore del <strong>Supramonte<\/strong>, sulla sommit\u00e0 del quale si \u00e8 formata una Dolina, dovuta al crollo della volta di un&#8217;antica grotta.<br \/>\nIl sito \u00e8 raggiungibile partendo da <strong>Dorgali<\/strong>, in Land Rover, attraversando la valle di <strong>Lanaittu<\/strong>, un interessante sentiero panoramico, fino a raggiungere l\u2019area archeologica.[\/vc_column_text][vc_btn title=&#8221;Prenota&#8221; color=&#8221;warning&#8221; align=&#8221;center&#8221; css=&#8221;.vc_custom_1715955975877{padding-top: 20px !important;}&#8221; link=&#8221;url:mailto%3Abooking%40hotelsanteodoro.com&#8221;][\/vc_column][\/vc_row][vc_row equal_height=&#8221;yes&#8221; content_placement=&#8221;middle&#8221;][vc_column width=&#8221;1\/4&#8243; css=&#8221;.vc_custom_1621328250243{padding-top: 50px !important;padding-right: 50px !important;padding-bottom: 50px !important;padding-left: 50px !important;background-color: #ffffff !important;}&#8221; offset=&#8221;vc_col-xs-12&#8243;][vc_custom_heading text=&#8221;Museo del Costume &#8211; Nuoro&#8221; font_container=&#8221;tag:h3|text_align:center&#8221; use_theme_fonts=&#8221;yes&#8221;][vc_column_text css=&#8221;.vc_custom_1620745891020{margin-bottom: 0px !important;}&#8221;]<\/p>\n<p style=\"text-align: center;\"><strong>Museo della Vita e delle Tradizioni Popolari Sarde<\/strong>, \u00e8 il maggiore <strong>Museo Etnografico della Sardegna<\/strong>, \u00e8 incluso nelle pi\u00f9 importanti guide turistiche nazionali e internazionali ed \u00e8 presente in tutti gli itinerari culturali riguardanti Nuoro e la Barbagia.<\/p>\n<p>[\/vc_column_text][vc_btn title=&#8221;Prenota&#8221; color=&#8221;warning&#8221; align=&#8221;center&#8221; css=&#8221;.vc_custom_1715955874951{margin-bottom: -20px !important;padding-top: 40px !important;}&#8221; link=&#8221;url:mailto%3Abooking%40hotelsanteodoro.com|target:_blank&#8221;][\/vc_column][vc_column width=&#8221;1\/4&#8243; css=&#8221;.vc_custom_1621328165443{background-position: center !important;background-repeat: no-repeat !important;background-size: cover !important;}&#8221; offset=&#8221;vc_col-xs-12&#8243;][vc_single_image image=&#8221;3256&#8243; img_size=&#8221;full&#8221;][\/vc_column][vc_column width=&#8221;1\/4&#8243; css=&#8221;.vc_custom_1621328237371{padding-top: 50px !important;padding-right: 50px !important;padding-bottom: 50px !important;padding-left: 50px !important;background-color: #ffffff !important;}&#8221; offset=&#8221;vc_col-xs-12&#8243;][vc_custom_heading text=&#8221;Museo Deleddiano &#8211; Nuoro&#8221; font_container=&#8221;tag:h3|text_align:center&#8221; use_theme_fonts=&#8221;yes&#8221;][vc_column_text css=&#8221;.vc_custom_1620746131825{margin-bottom: 0px !important;}&#8221;]<\/p>\n<p style=\"text-align: center;\">Il Museo Deleddiano ha sede nella casa natale della scrittrice nuorese\u00a0 Premio Nobel <strong>Grazia Deledda<\/strong> (1871-1936). \u00a0La visita si snoda attraverso i tre livelli dell&#8217;abitazione, segnati da una scala centrale, continuando nel cortile e nel giardino.<\/p>\n<p>[\/vc_column_text][vc_btn title=&#8221;Prenota&#8221; color=&#8221;warning&#8221; align=&#8221;center&#8221; css=&#8221;.vc_custom_1715955992678{margin-bottom: -20px !important;padding-top: 40px !important;}&#8221; link=&#8221;url:mailto%3Abooking%40hotelsanteodoro.com|target:_blank&#8221;][\/vc_column][vc_column width=&#8221;1\/4&#8243; css=&#8221;.vc_custom_1621328224420{background-position: center !important;background-repeat: no-repeat !important;background-size: cover !important;}&#8221; offset=&#8221;vc_col-xs-12&#8243;][vc_single_image image=&#8221;3258&#8243; img_size=&#8221;full&#8221;][\/vc_column][\/vc_row][vc_row equal_height=&#8221;yes&#8221; content_placement=&#8221;middle&#8221;][vc_column css_animation=&#8221;none&#8221; width=&#8221;1\/4&#8243; css=&#8221;.vc_custom_1621328308205{background-position: center !important;background-repeat: no-repeat !important;background-size: cover !important;}&#8221; offset=&#8221;vc_col-xs-12&#8243;][vc_single_image image=&#8221;3260&#8243; img_size=&#8221;full&#8221;][\/vc_column][vc_column css_animation=&#8221;none&#8221; width=&#8221;1\/4&#8243; css=&#8221;.vc_custom_1621328325791{padding-top: 50px !important;padding-right: 50px !important;padding-bottom: 50px !important;padding-left: 50px !important;}&#8221; offset=&#8221;vc_col-xs-12&#8243;][vc_custom_heading text=&#8221;Museo delle Maschere Mediterranee &#8211; Mamoiada&#8221; font_container=&#8221;tag:h3|text_align:center&#8221; use_theme_fonts=&#8221;yes&#8221; css_animation=&#8221;none&#8221; css=&#8221;.vc_custom_1621329166891{margin-top: -20px !important;padding-bottom: 20px !important;}&#8221;][vc_column_text css=&#8221;.vc_custom_1620748059838{margin-bottom: 0px !important;}&#8221;]<\/p>\n<p style=\"text-align: center;\">Il\u00a0<strong>Museo delle Maschere Mediterranee<\/strong>\u00a0a <strong>Mamoiada<\/strong>, \u00e8 un gioiello di storia e cultura a nord del massiccio del <strong>Gennargentu<\/strong>, a poco pi\u00f9 di 15 km dalla citt\u00e0 di\u00a0<strong>Nuoro <\/strong>ed a\u00a0poca distanza da\u00a0<strong>Orgosolo<\/strong>, centro noto per la sua\u00a0<strong>pittura murale.<\/strong><\/p>\n<p>[\/vc_column_text][vc_btn title=&#8221;Prenota&#8221; color=&#8221;warning&#8221; align=&#8221;center&#8221; css=&#8221;.vc_custom_1621329052410{padding-top: 30px !important;}&#8221; link=&#8221;url:mailto%3Abooking%40hotelsanteodoro.com|target:_blank&#8221;][\/vc_column][vc_column css_animation=&#8221;none&#8221; width=&#8221;1\/4&#8243; css=&#8221;.vc_custom_1621328386764{background-position: center !important;background-repeat: no-repeat !important;background-size: cover !important;}&#8221; offset=&#8221;vc_col-xs-12&#8243;][vc_single_image image=&#8221;3266&#8243; img_size=&#8221;full&#8221;][\/vc_column][vc_column width=&#8221;1\/4&#8243; css=&#8221;.vc_custom_1621328406941{padding-top: 50px !important;padding-right: 50px !important;padding-bottom: 50px !important;padding-left: 50px !important;}&#8221; offset=&#8221;vc_col-xs-12&#8243;][vc_custom_heading text=&#8221;Parco Museo S\u2019Abba Frisca &#8211; Dorgali&#8221; font_container=&#8221;tag:h3|text_align:center&#8221; use_theme_fonts=&#8221;yes&#8221; css=&#8221;.vc_custom_1621329151299{margin-top: -20px !important;margin-bottom: 20px !important;}&#8221;][vc_column_text css=&#8221;.vc_custom_1620815179985{margin-bottom: 0px !important;}&#8221;]<\/p>\n<p style=\"text-align: center;\">Questo museo che prende il nome dall&#8217;omonima sorgente e che offre un <strong>percorso naturalistico ed etnografico<\/strong> particolarmente ricco di flora e fauna locali e nel quale si possono visitare gli ambienti tradizionali della <strong>civilt\u00e0 barbaricina<\/strong>. \u00c8 cos\u00ec che <strong>S\u2019Abba Frisca<\/strong> nel 2018 \u00e8 stato riconosciuto dalla Regione Sardegna come il museo etnogra\ufb01co e naturalistico pi\u00f9 completo nell\u2019isola.<\/p>\n<p>[\/vc_column_text][vc_btn title=&#8221;Prenota&#8221; color=&#8221;warning&#8221; align=&#8221;center&#8221; css=&#8221;.vc_custom_1621329090373{padding-top: 30px !important;}&#8221; link=&#8221;url:mailto%3Abooking%40hotelsanteodoro.com|target:_blank&#8221;][\/vc_column][\/vc_row][vc_row equal_height=&#8221;yes&#8221; content_placement=&#8221;middle&#8221;][vc_column width=&#8221;1\/4&#8243; css=&#8221;.vc_custom_1621328432165{padding-top: 50px !important;padding-right: 50px !important;padding-bottom: 50px !important;padding-left: 50px !important;background-color: #ffffff !important;}&#8221; offset=&#8221;vc_col-xs-12&#8243;][vc_custom_heading text=&#8221;Museo delle civilt\u00e0 del mare &#8211; San Teodoro&#8221; font_container=&#8221;tag:h3|text_align:center&#8221; use_theme_fonts=&#8221;yes&#8221; css=&#8221;.vc_custom_1621329408021{margin-top: -20px !important;}&#8221;][vc_column_text css=&#8221;.vc_custom_1620815453703{margin-bottom: 0px !important;}&#8221;]<\/p>\n<p style=\"text-align: center;\">Il percorso all&#8217;interno del <strong>Museo delle civilt\u00e0 del mare<\/strong>, contiene in s\u00e9 la storia del piccolo centro costiero di San Teodoro, attraverso i reperti e la ricostruzione storica a partire dal 350 a.C. sino al medioevo. Il pi\u00f9 antico reperto esposto \u00e8 un&#8217;anfora greco-italica.<\/p>\n<p>[\/vc_column_text][vc_btn title=&#8221;Prenota&#8221; color=&#8221;warning&#8221; align=&#8221;center&#8221; css=&#8221;.vc_custom_1621329375410{margin-bottom: -30px !important;padding-top: 20px !important;}&#8221; link=&#8221;url:mailto%3Abooking%40hotelsanteodoro.com|target:_blank&#8221;][\/vc_column][vc_column width=&#8221;1\/4&#8243; css=&#8221;.vc_custom_1621328451670{background-position: center !important;background-repeat: no-repeat !important;background-size: cover !important;}&#8221; offset=&#8221;vc_col-xs-12&#8243;][vc_single_image image=&#8221;3264&#8243; img_size=&#8221;full&#8221; css=&#8221;.vc_custom_1621329393020{margin-top: -30px !important;}&#8221;][\/vc_column][vc_column width=&#8221;1\/4&#8243; css=&#8221;.vc_custom_1621328520881{padding-top: 50px !important;padding-right: 50px !important;padding-bottom: 50px !important;padding-left: 50px !important;background-color: #ffffff !important;}&#8221; offset=&#8221;vc_col-xs-12&#8243;][vc_custom_heading text=&#8221;MAN Museo d\u2019Arte &#8211; Nuoro&#8221; font_container=&#8221;tag:h3|text_align:center&#8221; use_theme_fonts=&#8221;yes&#8221;][vc_column_text css=&#8221;.vc_custom_1620815572498{margin-bottom: 0px !important;}&#8221;]<\/p>\n<p style=\"text-align: center;\">Il<strong>\u00a0MAN<\/strong>\u00a0\u00e8 un\u2019istituzione pubblica permanente, unica nel suo genere in Sardegna perch\u00e9 votata allo studio, la conservazione e la\u00a0<strong>promozione dell\u2019arte moderna e contemporanea<\/strong>. Celebri le sue\u00a0<strong><a href=\"http:\/\/www.museoman.it\/\">mostre a carattere internazionale<\/a><\/strong>.<\/p>\n<p>[\/vc_column_text][vc_btn title=&#8221;Prenota&#8221; color=&#8221;warning&#8221; align=&#8221;center&#8221; css=&#8221;.vc_custom_1621329251189{margin-bottom: -30px !important;padding-top: 20px !important;}&#8221; link=&#8221;url:mailto%3Abooking%40hotelsanteodoro.com|target:_blank&#8221;][\/vc_column][vc_column width=&#8221;1\/4&#8243; css=&#8221;.vc_custom_1621328540068{background-position: center !important;background-repeat: no-repeat !important;background-size: cover !important;}&#8221;][vc_single_image image=&#8221;3262&#8243; img_size=&#8221;full&#8221; css=&#8221;.vc_custom_1621329306083{margin-top: -30px !important;}&#8221;][\/vc_column][\/vc_row][vc_row css=&#8221;.vc_custom_1618232723143{padding-top: 30px !important;}&#8221;][vc_column][vc_text_separator title=&#8221;Sfoglia la Gallery&#8221; border_width=&#8221;3&#8243; css_animation=&#8221;fadeInLeftBig&#8221;][\/vc_column][\/vc_row][vc_row full_width=&#8221;stretch_row_content_no_spaces&#8221; css=&#8221;.vc_custom_1521473069676{margin-bottom: 0px !important;padding-top: 0px !important;padding-bottom: 0px !important;}&#8221;][vc_column css=&#8221;.vc_custom_1521473062975{margin-top: 0px !important;padding-top: 0px !important;}&#8221;][vc_media_grid element_width=&#8221;3&#8243; gap=&#8221;2&#8243; use_light_gallery=&#8221;yes&#8221; grid_id=&#8221;vc_gid:1715955148228-7d294cbe3e2f797b1a5d08ebf0f72bcc-2&#8243; include=&#8221;2860,2857,2853,2852,2850,2832,2834,2833&#8243; css=&#8221;.vc_custom_1621329446474{margin-bottom: 2px !important;padding-top: 0px !important;}&#8221;][\/vc_column][\/vc_row]<\/p>\n<\/div>","protected":false},"excerpt":{"rendered":"<p>[vc_row full_width=&#8221;stretch_row&#8221; content_placement=&#8221;middle&#8221; css_animation=&#8221;none&#8221;][vc_column][vc_custom_heading text=&#8221;Itinerari Archeologici &amp; Musei&#8221; font_container=&#8221;tag:h2|text_align:center&#8221; use_theme_fonts=&#8221;yes&#8221; css_animation=&#8221;flipInX&#8221; css=&#8221;.vc_custom_1621328855939{padding-top: 20px !important;padding-bottom: 10px !important;}&#8221;][\/vc_column][\/vc_row][vc_row equal_height=&#8221;yes&#8221; content_placement=&#8221;middle&#8221;][vc_column css_animation=&#8221;none&#8221; width=&#8221;1\/4&#8243; css=&#8221;.vc_custom_1621328841868{background-image: url(https:\/\/hotelsanteodoro.com\/wp-content\/uploads\/2021\/04\/barumini-scaled.jpg?id=2541) !important;background-position: center !important;background-repeat: no-repeat !important;background-size: cover !important;}&#8221; offset=&#8221;vc_col-xs-12&#8243;][vc_single_image image=&#8221;3252&#8243; img_size=&#8221;full&#8221;][\/vc_column][vc_column css_animation=&#8221;none&#8221; width=&#8221;1\/4&#8243; css=&#8221;.vc_custom_1621327492003{padding-top: 50px !important;padding-right: 50px !important;padding-bottom: 50px !important;padding-left: 50px !important;}&#8221; offset=&#8221;vc_col-xs-12&#8243;][vc_custom_heading text=&#8221;Area Archeologica Su Nuraxi \u2013 Barumini&#8221; font_container=&#8221;tag:h3|text_align:center&#8221; use_theme_fonts=&#8221;yes&#8221; css_animation=&#8221;none&#8221; css=&#8221;.vc_custom_1621327518369{margin-top: -40px&hellip;<\/p>\n","protected":false},"author":1,"featured_media":0,"parent":0,"menu_order":0,"comment_status":"closed","ping_status":"closed","template":"","meta":{"_acf_changed":false,"om_disable_all_campaigns":false,"_monsterinsights_skip_tracking":false,"_monsterinsights_sitenote_active":false,"_monsterinsights_sitenote_note":"","_monsterinsights_sitenote_category":0,"footnotes":""},"class_list":["post-2705","page","type-page","status-publish","hentry"],"acf":[],"_links":{"self":[{"href":"https:\/\/hotelsanteodoro.com\/it\/wp-json\/wp\/v2\/pages\/2705","targetHints":{"allow":["GET"]}}],"collection":[{"href":"https:\/\/hotelsanteodoro.com\/it\/wp-json\/wp\/v2\/pages"}],"about":[{"href":"https:\/\/hotelsanteodoro.com\/it\/wp-json\/wp\/v2\/types\/page"}],"author":[{"embeddable":true,"href":"https:\/\/hotelsanteodoro.com\/it\/wp-json\/wp\/v2\/users\/1"}],"replies":[{"embeddable":true,"href":"https:\/\/hotelsanteodoro.com\/it\/wp-json\/wp\/v2\/comments?post=2705"}],"version-history":[{"count":0,"href":"https:\/\/hotelsanteodoro.com\/it\/wp-json\/wp\/v2\/pages\/2705\/revisions"}],"wp:attachment":[{"href":"https:\/\/hotelsanteodoro.com\/it\/wp-json\/wp\/v2\/media?parent=2705"}],"curies":[{"name":"wp","href":"https:\/\/api.w.org\/{rel}","templated":true}]}}