{"id":2654,"date":"2021-04-30T09:37:43","date_gmt":"2021-04-30T09:37:43","guid":{"rendered":"https:\/\/demo.hotelsanteodoro.com\/?page_id=2654"},"modified":"2024-05-07T15:47:29","modified_gmt":"2024-05-07T15:47:29","slug":"prenota-hotel-san-teodoro-miglior-tariffa-disponibile","status":"publish","type":"page","link":"https:\/\/hotelsanteodoro.com\/it\/prenota-hotel-san-teodoro-miglior-tariffa-disponibile\/","title":{"rendered":"Prenota"},"content":{"rendered":"<div class=\"wpb-content-wrapper\"><p>[vc_row full_width=&#8221;stretch_row&#8221; gap=&#8221;35&#8243; parallax=&#8221;content-moving&#8221; parallax_image=&#8221;2657&#8243; css=&#8221;.vc_custom_1619777220846{padding-top: 150px !important;padding-bottom: 150px !important;}&#8221;][vc_column][\/vc_column][\/vc_row][vc_row][vc_column offset=&#8221;vc_col-xs-12&#8243;][lab_heading title=&#8221;I VANTAGGI DI UNA PRENOTAZIONE DIRETTA&#8221; css=&#8221;.vc_custom_1619777797407{padding-top: 20px !important;}&#8221;][\/lab_heading][vc_column_text css=&#8221;.vc_custom_1621256381870{padding-bottom: 20px !important;}&#8221;]<\/p>\n<ul>\n<li>Miglior tariffa garantita<\/li>\n<li>Flessibilit\u00e0 sulla politica di cancellazione<\/li>\n<li>Servizi extra inclusi (in base alla camera prenotata)<\/li>\n<\/ul>\n<p>[\/vc_column_text][\/vc_column][vc_column offset=&#8221;vc_col-xs-12&#8243;][vc_column_text]<\/p>\n<p style=\"line-height: 30px;\"><strong><a href=\"https:\/\/www.simplebooking.it\/ibe\/hotelbooking\/search?hid=3140&amp;lang=IT\" target=\"_blank\" rel=\"noopener\">PRENOTA ONLINE<\/a><\/strong><br \/>\n<strong><a href=\"https:\/\/wa.me\/+393440974122\">LIVE CHAT<\/a><\/strong><br \/>\n<strong><a href=\"tel:+39 0784 851092\">TELEFONA<\/a><\/strong><br \/>\n<strong><a href=\"mailto:booking@hotelsanteodoro.com\">INVIA UN&#8217;E-MAIL<\/a><\/strong><\/p>\n<p>[\/vc_column_text][\/vc_column][\/vc_row][vc_row css=&#8221;.vc_custom_1619778291683{padding-bottom: 30px !important;}&#8221;][vc_column width=&#8221;1\/2&#8243; offset=&#8221;vc_col-xs-12&#8243; css=&#8221;.vc_custom_1621256602119{margin-top: 10px !important;}&#8221;][vc_hoverbox image=&#8221;2475&#8243; primary_title=&#8221;Experience&#8221; primary_title_font_container=&#8221;color:%23ba931a&#8221; primary_title_google_fonts=&#8221;font_family:Open%20Sans%3A300%2C300italic%2Cregular%2Citalic%2C600%2C600italic%2C700%2C700italic%2C800%2C800italic|font_style:600%20bold%20regular%3A600%3Anormal&#8221; hover_title=&#8221;&#8221; shape=&#8221;square&#8221; hover_background_color=&#8221;white&#8221; hover_btn_title=&#8221;Scopri ora&#8221; hover_btn_shape=&#8221;square&#8221; hover_btn_color=&#8221;orange&#8221; use_custom_fonts_primary_title=&#8221;true&#8221; hover_add_button=&#8221;true&#8221; hover_btn_link=&#8221;url:https%3A%2F%2Fhotelsanteodoro.com%2Fit%2Fhotel-san-teodoro-experience-hotel-hotel-in-sardegna%2F|title:Experience&#8221; primary_title_link=&#8221;url:https%3A%2F%2Fhotelsanteodoro.com%2Fit%2Fhotel-san-teodoro-experience-hotel-hotel-in-sardegna%2F|title:Experience&#8221;]Prova le delizie del nostro men\u00f9, la piscina che \u00e8 una vera oasi di pace, la spiaggia privata La Cinta, attivit\u00e0 fitness nella nostra palestra e il nostro servizio di noleggio bici[\/vc_hoverbox][\/vc_column][vc_column width=&#8221;1\/2&#8243; offset=&#8221;vc_col-xs-12&#8243; css=&#8221;.vc_custom_1621256592785{margin-top: 10px !important;}&#8221;][vc_hoverbox image=&#8221;2492&#8243; primary_title=&#8221;I nostri consigli&#8221; primary_title_font_container=&#8221;color:%23ba931a&#8221; primary_title_google_fonts=&#8221;font_family:Open%20Sans%3A300%2C300italic%2Cregular%2Citalic%2C600%2C600italic%2C700%2C700italic%2C800%2C800italic|font_style:600%20bold%20regular%3A600%3Anormal&#8221; hover_title=&#8221;&#8221; shape=&#8221;square&#8221; hover_background_color=&#8221;white&#8221; hover_btn_title=&#8221;Scopri di pi\u00f9&#8221; hover_btn_shape=&#8221;square&#8221; hover_btn_color=&#8221;orange&#8221; use_custom_fonts_primary_title=&#8221;true&#8221; hover_add_button=&#8221;true&#8221; hover_btn_link=&#8221;url:https%3A%2F%2Fhotelsanteodoro.com%2Fit%2Fhotel-san-teodoro-i-nostri-consigli-per-una-vacanza-unica-escursioni%2F|title:Consigli|target:_blank&#8221; primary_title_link=&#8221;url:https%3A%2F%2Fhotelsanteodoro.com%2Fit%2Fhotel-san-teodoro-i-nostri-consigli-per-una-vacanza-unica-escursioni%2F|title:Consigli&#8221;]Scopri i nostri consigli riguardo alle escursioni, itininerari archeologici, le spiagge, diving, kite e windsurf, le passeggiate a cavallo e molto altro ancora![\/vc_hoverbox][\/vc_column][\/vc_row][vc_row][vc_column][vc_column_text][\/vc_column_text][\/vc_column][\/vc_row]<\/p>\n<\/div>","protected":false},"excerpt":{"rendered":"<p>[vc_row full_width=&#8221;stretch_row&#8221; gap=&#8221;35&#8243; parallax=&#8221;content-moving&#8221; parallax_image=&#8221;2657&#8243; css=&#8221;.vc_custom_1619777220846{padding-top: 150px !important;padding-bottom: 150px !important;}&#8221;][vc_column][\/vc_column][\/vc_row][vc_row][vc_column offset=&#8221;vc_col-xs-12&#8243;][lab_heading title=&#8221;I VANTAGGI DI UNA PRENOTAZIONE DIRETTA&#8221; css=&#8221;.vc_custom_1619777797407{padding-top: 20px !important;}&#8221;][\/lab_heading][vc_column_text css=&#8221;.vc_custom_1621256381870{padding-bottom: 20px !important;}&#8221;] Miglior tariffa garantita Flessibilit\u00e0 sulla politica di cancellazione Servizi extra inclusi (in base alla camera prenotata) [\/vc_column_text][\/vc_column][vc_column offset=&#8221;vc_col-xs-12&#8243;][vc_column_text] PRENOTA ONLINE LIVE CHAT TELEFONA INVIA UN&#8217;E-MAIL [\/vc_column_text][\/vc_column][\/vc_row][vc_row css=&#8221;.vc_custom_1619778291683{padding-bottom: 30px !important;}&#8221;][vc_column width=&#8221;1\/2&#8243; offset=&#8221;vc_col-xs-12&#8243; css=&#8221;.vc_custom_1621256602119{margin-top:&hellip;<\/p>\n","protected":false},"author":1,"featured_media":0,"parent":0,"menu_order":0,"comment_status":"closed","ping_status":"closed","template":"","meta":{"_acf_changed":false,"om_disable_all_campaigns":false,"_monsterinsights_skip_tracking":false,"_monsterinsights_sitenote_active":false,"_monsterinsights_sitenote_note":"","_monsterinsights_sitenote_category":0,"footnotes":""},"class_list":["post-2654","page","type-page","status-publish","hentry"],"acf":[],"_links":{"self":[{"href":"https:\/\/hotelsanteodoro.com\/it\/wp-json\/wp\/v2\/pages\/2654","targetHints":{"allow":["GET"]}}],"collection":[{"href":"https:\/\/hotelsanteodoro.com\/it\/wp-json\/wp\/v2\/pages"}],"about":[{"href":"https:\/\/hotelsanteodoro.com\/it\/wp-json\/wp\/v2\/types\/page"}],"author":[{"embeddable":true,"href":"https:\/\/hotelsanteodoro.com\/it\/wp-json\/wp\/v2\/users\/1"}],"replies":[{"embeddable":true,"href":"https:\/\/hotelsanteodoro.com\/it\/wp-json\/wp\/v2\/comments?post=2654"}],"version-history":[{"count":0,"href":"https:\/\/hotelsanteodoro.com\/it\/wp-json\/wp\/v2\/pages\/2654\/revisions"}],"wp:attachment":[{"href":"https:\/\/hotelsanteodoro.com\/it\/wp-json\/wp\/v2\/media?parent=2654"}],"curies":[{"name":"wp","href":"https:\/\/api.w.org\/{rel}","templated":true}]}}